{"id":525,"date":"2017-10-27T18:11:22","date_gmt":"2017-10-27T18:11:22","guid":{"rendered":"http:\/\/servepro.be\/home\/"},"modified":"2019-03-19T13:16:59","modified_gmt":"2019-03-19T13:16:59","slug":"home","status":"publish","type":"page","link":"https:\/\/servepro.be\/fr\/","title":{"rendered":"Accueil"},"content":{"rendered":"<p><section   class=\"fw-main-row-custom fw-main-row-top  fw_theme_bg_fw-custom fw-section-image fw-section-height-custom fw-content-vertical-align-middle fw-section-position-back tf-sh-f77674dc819317529150607312590b02\"  style=\" background-image:url(\/\/servepro.be\/wp-content\/uploads\/2018\/11\/servepro.jpg); background-repeat: no-repeat; background-position: center center; background-size: auto; height: 500px;\"  >\n\t\t\t<div class=\"fw-container\" >\n\t\t<div class=\"fw-row\">\n\t<div id=\"column-69fdec1165479\" class=\"fw-col-sm-12  fw-col-md-6 tf-sh-ac3123ed2299213fc8954537d490b11c\" >\n\t<div class=\"fw-wrap-col-inner clearfix  \"   >\n\t\t\t\t<div class=\"fw-col-inner\">\n\t\t\t<div class=\"fw-heading fw-heading-left t-shadow tf-sh-14dcb0be2f45dad38ea9aac1294fab6d\" >\n\t\t\t<h1 class=\"fw-special-title\">Votre partenaire dans le domaine du nettoyage<\/h1>\n\t\n\t\n\t<\/div><div class=\"fw-text-box tf-sh-25ff24b6bc7adfb11084eb0d63d45217 t-shadow\" >\n\t<div class=\"fw-text-inner\">\n\t\t<p>Une exp\u00e9rience depuis plus de 30 ans dans le nettoyage fait de Serve-Pro votre partenaire absolu qui peut r\u00e9soudre tous vos probl\u00e8mes de nettoyage<\/p>\n\t<\/div>\n<\/div><div class=\"fw-divider-space  fw-custom-space  clearfix\" style=\"height:30px;\" ><\/div>\t<a href=\"\/gratis-offerte\/\" target=\"_self\" class=\"fw-btn tf-sh-4754a7f7976aaad62f41b0155f625c2e    button-offerte fw-btn-side-by-side fw-btn-1\"  style=\"width:131px; height:37px; line-height:37px;\">\n\t\t<span style=\"top:0;\">\n\t\t\tOffre gratuite\t\t<\/span>\n\t<\/a>\n\t<a href=\"\/contact\/\" target=\"_self\" class=\"fw-btn tf-sh-79cccb8954f81af44715793f105719f6     fw-btn-side-by-side fw-btn-2\"  style=\"width:95px; height:37px; line-height:33px;\">\n\t\t<span style=\"top:0;\">\n\t\t\tContact\t\t<\/span>\n\t<\/a>\n\t\t<\/div>\n\t<\/div>\n<\/div><\/div>\n\n\t<\/div>\n\t<\/section><section   class=\"fw-main-row-custom  auto  fw-section-position-back tf-sh-73e74885f648fc0149e01e3532f5b29b\"    >\n\t\t\t<div class=\"fw-container\" >\n\t\t<div class=\"fw-row\">\n\t<div id=\"column-69fdec11659c3\" class=\"fw-col-sm-12 tf-sh-cd14064df9775c07b3d2259bc10b4c0f\" >\n\t<div class=\"fw-wrap-col-inner clearfix  \"   >\n\t\t\t\t<div class=\"fw-col-inner\">\n\t\t\t<div class=\"fw-heading fw-heading-center  tf-sh-b34f23c7e7e84c148c905e129d51db8d\" >\n\t\t\t<h1 class=\"fw-special-title\">Nos services<\/h1>\n\t\n\t\n\t<\/div>\t\t<\/div>\n\t<\/div>\n<\/div><\/div>\n\n<div class=\"fw-row\">\n\t<div id=\"column-69fdec1165b29\" class=\"fw-col-sm-12 tf-sh-9e7c81f88f2da6ad7e5b959f903c679a\" >\n\t<div class=\"fw-wrap-col-inner clearfix  \"   >\n\t\t\t\t<div class=\"fw-col-inner\">\n\t\t\t<div class=\"fw-divider-space  fw-custom-space  clearfix\" style=\"height:20px;\" ><\/div>\t\t<\/div>\n\t<\/div>\n<\/div><\/div>\n\n<div class=\"fw-row\">\n\t<div id=\"column-69fdec1165c74\" class=\"fw-col-sm-4 tf-sh-ab63fb75cd7e41dcb4026ad5f579928b\" >\n\t<div class=\"fw-wrap-col-inner clearfix  \"   >\n\t\t\t\t<div class=\"fw-col-inner\">\n\t\t\t\t<div class=\"fw-imagebox clearfix fw-imagebox-1 tf-sh-957ed311fa6c7180f0ec0dcdee4c2730 text-center bg-on  custom-blck-page\"  style=\"\">\n\t\t<div class=\"fw-main-row-overlay\" style=\"background-color: #f4f4f4; opacity: 1;\"><\/div>\t\t\t\t\t\t\t\t<div class=\"fw-block-image-parent  \" style=\"width: 100%;\">\n\t\t\t\t\t\t\t\t\t<div class=\"fw-block-image-child fw-noratio fw-ratio-container\">\n\t\t\t\t\t\t<noscript itemscope itemtype=\"https:\/\/schema.org\/ImageObject\" itemprop=\"image\"><img decoding=\"async\" src=\"https:\/\/servepro.be\/wp-content\/uploads\/2018\/11\/imgH1.png\"  alt=\"imgH1\" data-maxdpr=\"1.7\" class=\"lazyload\" \/><meta itemprop=\"url\" content=\"https:\/\/servepro.be\/wp-content\/uploads\/2018\/11\/imgH1.png\"><meta itemprop=\"width\" content=\"370\"><meta itemprop=\"height\" content=\"180\"><\/noscript><img decoding=\"async\" src=\"data:image\/gif;base64,R0lGODlhAQABAIAAAAAAAP\/\/\/yH5BAEAAAAALAAAAAABAAEAAAIBRAA7\" data-sizes=\"auto\" data-srcset=\"https:\/\/servepro.be\/wp-content\/uploads\/2018\/11\/imgH1.png\"   alt=\"imgH1\" data-maxdpr=\"1.7\" class=\"lazyload\" \/><span class=\"fw-after-no-ratio\" style=\"padding-bottom: 48.648648648649%\"><\/span>\t\t\t\t\t<\/div>\n\t\t\t\t\t\t\t<\/div>\n\t\t\n\t<div class=\"fw-imagebox-aside\" style=\"padding-top:1px;padding-bottom:13px;padding-left:46px;padding-right:46px;\">\n\t\t\t\t\t<div class=\"fw-imagebox-title-wrap\">\n\t\t\t\t\t\t\t\t\t<h2 class=\"fw-imagebox-title\">Nettoyage bureaux<\/h2>\n\t\t\t\t\n\t\t\t\t\t\t\t<\/div>\n\t\t\n\t\t\t\t\t<div class=\"fw-imagebox-text\">\n\t\t\t\t<p>Nettoyage de bureaux, \u00e9coles, locaux industriels, parkings...<\/p>\t\t\t<\/div>\n\t\t\n\t\t<div class=\"fw-imagebox-btn text-center\">\n\t\t<a href=\"\/diensten\/schoonmaak\/kantoren\/\" target=\"_self\" class=\"fw-btn   fw-btn-1 \" style=\"width:160px;height:41px; line-height:41px;\" >\n\t\t\t<span>\n\t\t\t\t\t\t\t\t\tPlus d'informations\t\t\t\t\t\t\t<\/span>\n\t\t<\/a>\n\t<\/div>\n\t\t<\/div>\n\t<\/div>\n\t\t<\/div>\n\t<\/div>\n<\/div><div id=\"column-69fdec1166135\" class=\"fw-col-sm-4 tf-sh-e6cc25b8f4eea11b6bb2d599b0518891\" >\n\t<div class=\"fw-wrap-col-inner clearfix  \"   >\n\t\t\t\t<div class=\"fw-col-inner\">\n\t\t\t\t<div class=\"fw-imagebox clearfix fw-imagebox-1 tf-sh-9240c137c9137956a4bca068d6a74994 text-center bg-on  custom-blck-page\"  style=\"\">\n\t\t<div class=\"fw-main-row-overlay\" style=\"background-color: #f4f4f4; opacity: 1;\"><\/div>\t\t\t\t\t\t\t\t<div class=\"fw-block-image-parent  \" style=\"width: 100%;\">\n\t\t\t\t\t\t\t\t\t<div class=\"fw-block-image-child fw-noratio fw-ratio-container\">\n\t\t\t\t\t\t<noscript itemscope itemtype=\"https:\/\/schema.org\/ImageObject\" itemprop=\"image\"><img decoding=\"async\" src=\"https:\/\/servepro.be\/wp-content\/uploads\/2018\/11\/imgH2.png\"  alt=\"imgH2\" data-maxdpr=\"1.7\" class=\"lazyload\" \/><meta itemprop=\"url\" content=\"https:\/\/servepro.be\/wp-content\/uploads\/2018\/11\/imgH2.png\"><meta itemprop=\"width\" content=\"370\"><meta itemprop=\"height\" content=\"180\"><\/noscript><img decoding=\"async\" src=\"data:image\/gif;base64,R0lGODlhAQABAIAAAAAAAP\/\/\/yH5BAEAAAAALAAAAAABAAEAAAIBRAA7\" data-sizes=\"auto\" data-srcset=\"https:\/\/servepro.be\/wp-content\/uploads\/2018\/11\/imgH2.png\"   alt=\"imgH2\" data-maxdpr=\"1.7\" class=\"lazyload\" \/><span class=\"fw-after-no-ratio\" style=\"padding-bottom: 48.648648648649%\"><\/span>\t\t\t\t\t<\/div>\n\t\t\t\t\t\t\t<\/div>\n\t\t\n\t<div class=\"fw-imagebox-aside\" style=\"padding-top:1px;padding-bottom:13px;padding-left:46px;padding-right:46px;\">\n\t\t\t\t\t<div class=\"fw-imagebox-title-wrap\">\n\t\t\t\t\t\t\t\t\t<h2 class=\"fw-imagebox-title\">Entretien et rafra\u00eechissement de tapis<\/h2>\n\t\t\t\t\n\t\t\t\t\t\t\t<\/div>\n\t\t\n\t\t\t\t\t<div class=\"fw-imagebox-text\">\n\t\t\t\t<p>Nettoyage, rafra\u00eechissement et entretien de diff\u00e9rentes sortes de tapis...<\/p>\t\t\t<\/div>\n\t\t\n\t\t<div class=\"fw-imagebox-btn text-center\">\n\t\t<a href=\"\/diensten\/onderhoud\/tapijt-opfrissen\/\" target=\"_self\" class=\"fw-btn   fw-btn-1 \" style=\"width:160px;height:41px; line-height:41px;\" >\n\t\t\t<span>\n\t\t\t\t\t\t\t\t\tPlus d'informations\t\t\t\t\t\t\t<\/span>\n\t\t<\/a>\n\t<\/div>\n\t\t<\/div>\n\t<\/div>\n\t\t<\/div>\n\t<\/div>\n<\/div><div id=\"column-69fdec1166481\" class=\"fw-col-sm-4 tf-sh-b292cfa4cc7c0cd5fd8fccbdd2433060\" >\n\t<div class=\"fw-wrap-col-inner clearfix  \"   >\n\t\t\t\t<div class=\"fw-col-inner\">\n\t\t\t\t<div class=\"fw-imagebox clearfix fw-imagebox-1 tf-sh-4438c001baede34f1c5c19c36ee11478 text-center bg-on  custom-blck-page\"  style=\"\">\n\t\t<div class=\"fw-main-row-overlay\" style=\"background-color: #f4f4f4; opacity: 1;\"><\/div>\t\t\t\t\t\t\t\t<div class=\"fw-block-image-parent  \" style=\"width: 100%;\">\n\t\t\t\t\t\t\t\t\t<div class=\"fw-block-image-child fw-noratio fw-ratio-container\">\n\t\t\t\t\t\t<noscript itemscope itemtype=\"https:\/\/schema.org\/ImageObject\" itemprop=\"image\"><img decoding=\"async\" src=\"https:\/\/servepro.be\/wp-content\/uploads\/2018\/11\/imgH3.png\"  alt=\"imgH3\" data-maxdpr=\"1.7\" class=\"lazyload\" \/><meta itemprop=\"url\" content=\"https:\/\/servepro.be\/wp-content\/uploads\/2018\/11\/imgH3.png\"><meta itemprop=\"width\" content=\"370\"><meta itemprop=\"height\" content=\"180\"><\/noscript><img decoding=\"async\" src=\"data:image\/gif;base64,R0lGODlhAQABAIAAAAAAAP\/\/\/yH5BAEAAAAALAAAAAABAAEAAAIBRAA7\" data-sizes=\"auto\" data-srcset=\"https:\/\/servepro.be\/wp-content\/uploads\/2018\/11\/imgH3.png\"   alt=\"imgH3\" data-maxdpr=\"1.7\" class=\"lazyload\" \/><span class=\"fw-after-no-ratio\" style=\"padding-bottom: 48.648648648649%\"><\/span>\t\t\t\t\t<\/div>\n\t\t\t\t\t\t\t<\/div>\n\t\t\n\t<div class=\"fw-imagebox-aside\" style=\"padding-top:1px;padding-bottom:13px;padding-left:46px;padding-right:46px;\">\n\t\t\t\t\t<div class=\"fw-imagebox-title-wrap\">\n\t\t\t\t\t\t\t\t\t<h2 class=\"fw-imagebox-title\">Lavage de vitres<\/h2>\n\t\t\t\t\n\t\t\t\t\t\t\t<\/div>\n\t\t\n\t\t\t\t\t<div class=\"fw-imagebox-text\">\n\t\t\t\t<p>Nettoyage de toutes sortes de vitres: du rez-de-chauss\u00e9e aux \u00e9tages, v\u00e9lux, murs vitr\u00e9es,...<\/p>\t\t\t<\/div>\n\t\t\n\t\t<div class=\"fw-imagebox-btn text-center\">\n\t\t<a href=\"\/diensten\/schoonmaak\/ramen\/\" target=\"_self\" class=\"fw-btn   fw-btn-1 \" style=\"width:160px;height:41px; line-height:41px;\" >\n\t\t\t<span>\n\t\t\t\t\t\t\t\t\tPlus d'informations\t\t\t\t\t\t\t<\/span>\n\t\t<\/a>\n\t<\/div>\n\t\t<\/div>\n\t<\/div>\n\t\t<\/div>\n\t<\/div>\n<\/div><\/div>\n\n\t<\/div>\n\t<\/section><section   class=\"fw-main-row-custom  fw_theme_bg_fw-custom fw-section-image fw-section-height-custom fw-content-vertical-align-middle fw-section-position-back tf-sh-bab9ffcb59bfd3ee8275f9765ab5dcde custom-section\"  style=\" background-image:url(\/\/servepro.be\/wp-content\/uploads\/2018\/11\/bgImageHome.jpg); background-repeat: no-repeat; background-position: right center; background-size: auto; height: 409px;\"  >\n\t\t\t<div class=\"fw-container\" >\n\t\t<div class=\"fw-row\">\n\t<div id=\"column-69fdec1166940\" class=\"fw-col-sm-12  fw-col-md-6 tf-sh-65ed2cf7f96d2537e4e036cee9a0d334 block-color-bg\" >\n\t<div class=\"fw-wrap-col-inner clearfix  \"   >\n\t\t\t\t<div class=\"fw-col-inner\">\n\t\t\t<div class=\"fw-heading fw-heading-left  tf-sh-bb6b562d164cb170d9402ff89803bac5\" >\n\t\t\t<h3 class=\"fw-special-title\">Demandez votre offre gratuite!<\/h3>\n\t\n\t\n\t<\/div><div class=\"fw-text-box tf-sh-0c4b3ec76e3dfbd493524423f0de51b7 \" >\n\t<div class=\"fw-text-inner\">\n\t\t<p>D\u00e9sirez-vous une offre gratuite ou plus d'informations? N'h\u00e9sitez pas \u00e0 nous contacter par le formulaire de contact.<\/p>\n\t<\/div>\n<\/div><div class=\"fw-divider-space  fw-custom-space  clearfix\" style=\"height:35px;\" ><\/div>\t<a href=\"\/gratis-offerte\/\" target=\"_self\" class=\"fw-btn tf-sh-9c9bce2ade5fc874fd1db6bdff1d3d1e    button-shadow fw-btn-side-by-side fw-btn-1\"  style=\"width:192px; height:40px; line-height:40px;\">\n\t\t<span style=\"top:0;\">\n\t\t\tVers demande offre\t\t<\/span>\n\t<\/a>\n\t\t<\/div>\n\t<\/div>\n<\/div><div id=\"column-69fdec1166b38\" class=\"fw-col-sm-6 tf-sh-f792e12af92acbcb6d724f37abb10b42 block-hidden\" >\n\t<div class=\"fw-wrap-col-inner clearfix  \"   >\n\t\t\t\t<div class=\"fw-col-inner\">\n\t\t\t\t\t<\/div>\n\t<\/div>\n<\/div><\/div>\n\n\t<\/div>\n\t<\/section><section   class=\"fw-main-row-custom  auto  fw-section-position-back tf-sh-9127ffe86ce362533758b07957fe2be5\"    >\n\t\t\t<div class=\"fw-container\" >\n\t\t<div class=\"fw-row\">\n\t<div id=\"column-69fdec1166d23\" class=\"fw-col-sm-12 tf-sh-5e78a2d02b49136fc575d9141aa5ada7\" >\n\t<div class=\"fw-wrap-col-inner clearfix  \"   >\n\t\t\t\t<div class=\"fw-col-inner\">\n\t\t\t<div class=\"fw-heading fw-heading-center  tf-sh-83e31be08e2a5dc83f11d7d2d6adbfb6\" >\n\t\t\t<h2 class=\"fw-special-title\">Notre histoire<\/h2>\n\t\n\t\n\t<\/div>\t\t<\/div>\n\t<\/div>\n<\/div><\/div>\n\n<div class=\"fw-row\">\n\t<div id=\"column-69fdec1166e22\" class=\"fw-col-sm-12 tf-sh-9e7c81f88f2da6ad7e5b959f903c679a\" >\n\t<div class=\"fw-wrap-col-inner clearfix  \"   >\n\t\t\t\t<div class=\"fw-col-inner\">\n\t\t\t<div class=\"fw-divider-space  fw-custom-space  clearfix\" style=\"height:20px;\" ><\/div>\t\t<\/div>\n\t<\/div>\n<\/div><\/div>\n\n<div class=\"fw-row\">\n\t<div id=\"column-69fdec1166f4d\" class=\"fw-col-sm-6 tf-sh-19232915bf4931f948dea714826af0ed\" >\n\t<div class=\"fw-wrap-col-inner clearfix   fw-column-height-custom\" style=\"height: 296px;\"  >\n\t\t\t\t<div class=\"fw-col-inner\">\n\t\t\t\t\t<\/div>\n\t<\/div>\n<\/div><div id=\"column-69fdec1166fc2\" class=\"fw-col-sm-6 tf-sh-61c607bd1381706d93ee788ae5fafd86\" >\n\t<div class=\"fw-wrap-col-inner clearfix  \"   >\n\t\t\t\t<div class=\"fw-col-inner\">\n\t\t\t<div class=\"fw-text-box tf-sh-b4036e003b7984df442d3d16b8e9b908 \" >\n\t<div class=\"fw-text-inner\">\n\t\t<p>En 1989, Didier Jansen a commenc\u00e9 dans le domaine du nettoyage. Apr\u00e8s plusieurs ann\u00e9es avec un associ\u00e9, il a pu acqu\u00e9rir une \u00e9norme exp\u00e9rience\u00a0 ainsi qu'une belle client\u00e8le. En 2016 il a d\u00e9cid\u00e9 de continuer a \u00e9voluer seul avec la soci\u00e9t\u00e9 Serve-Pro.<\/p>\n<p>Le grand atout de Serve-Pro est la joignabilit\u00e9 et la flexibilit\u00e9\u2026 Nous sommes joignable 24\/7 par t\u00e9l\u00e9phone et les mails sont lus et trait\u00e9s le soir et le Week-end.<\/p>\n<p>Chez Serve-Pro vous avez 3 personnes de contact. Vous serez donc toujours servi par les m\u00eames personnes.<\/p>\n<p>Les offres sont faites par Didier Jansen m\u00eame.<\/p>\n<p>L'administration et la comptabilit\u00e9 sont \u00e9galement trait\u00e9es par la m\u00eame personne, qui travaille d\u00e9j\u00e0 plus de 20 ans pour Didier Jansen<\/p>\n<p>Le suivi des chantiers se fait par Didier Jansen et\/ou notre inspecteur.<\/p>\n<p>Depuis 2016 Serve-Pro dispose \u00e9galement du certificat ISO9001<\/p>\n\t<\/div>\n<\/div><div class=\"fw-divider-space  fw-custom-space  clearfix\" style=\"height:35px;\" ><\/div>\t<a href=\"\/over-ons\/\" target=\"_self\" class=\"fw-btn tf-sh-13afe98f0bfd1de2c3640f00c8d4e742    button-shadow fw-btn-side-by-side fw-btn-1\"  style=\"width:160px; height:41px; line-height:41px;\">\n\t\t<span style=\"top:0;\">\n\t\t\tPlus d'informations\t\t<\/span>\n\t<\/a>\n\t\t<\/div>\n\t<\/div>\n<\/div><\/div>\n\n\t<\/div>\n\t<\/section><section   class=\"fw-main-row-custom  auto  fw-section-position-back tf-sh-4624a74beaec546a0aa6e5d081ca8f0d\"  style=\" background-color:#f4f4f4;\"  >\n\t\t\t<div class=\"fw-container\" >\n\t\t<div class=\"fw-row\">\n\t<div id=\"column-69fdec1167329\" class=\"fw-col-sm-4 tf-sh-ab9fafb4cfb9a478f5090f1fba848941\" >\n\t<div class=\"fw-wrap-col-inner clearfix  \"   >\n\t\t\t\t<div class=\"fw-col-inner\">\n\t\t\t<div class=\"fw-heading fw-heading-left  tf-sh-022868ad4fffbad4b7a431ec9e2f8237\" >\n\t\t\t<h2 class=\"fw-special-title\">Quelques r\u00e9alisations<\/h2>\n\t\n\t\n\t<\/div><div class=\"fw-text-box tf-sh-e474b918ee6b8bd0b6591aefab157a8a \" >\n\t<div class=\"fw-text-inner\">\n\t\t<p>Que ce soit pour le nettoyage et\/ou lavage de vitresde votre boutique, bureau ou \u00e9cole, vous \u00eates \u00e0 la bonne adresse chez nous!<\/p>\n<p>Avec plus de 30 ans d'exp\u00e9rience nous pouvons certainement vous aider!<\/p>\n\t<\/div>\n<\/div><div class=\"fw-divider-space  fw-custom-space  clearfix\" style=\"height:20px;\" ><\/div>\t<a href=\"\/realisaties\/\" target=\"_self\" class=\"fw-btn tf-sh-e2a64b7fe133654db8ec1bf6e4738f73    button-shadow fw-btn-side-by-side fw-btn-1\"  style=\"width:170px; height:41px; line-height:41px;\">\n\t\t<span style=\"top:0;\">\n\t\t\tVoir toutes les photos\t\t<\/span>\n\t<\/a>\n\t\t<\/div>\n\t<\/div>\n<\/div><div id=\"column-69fdec11674f6\" class=\"fw-col-sm-4 tf-sh-a01c086fdf122a4cb74800fe61102006\" >\n\t<div class=\"fw-wrap-col-inner clearfix   fw-column-height-custom\" style=\"height: 296px;\"  >\n\t\t\t\t<div class=\"fw-col-inner\">\n\t\t\t\t\t<\/div>\n\t<\/div>\n<\/div><div id=\"column-69fdec1167565\" class=\"fw-col-sm-4 tf-sh-b6643ba558512961ebd72a5e5f532eef\" >\n\t<div class=\"fw-wrap-col-inner clearfix   fw-column-height-custom\" style=\"height: 296px;\"  >\n\t\t\t\t<div class=\"fw-col-inner\">\n\t\t\t\t\t<\/div>\n\t<\/div>\n<\/div><\/div>\n\n<div class=\"fw-row\">\n\t<div id=\"column-69fdec1167639\" class=\"fw-col-sm-12 tf-sh-9e7c81f88f2da6ad7e5b959f903c679a\" >\n\t<div class=\"fw-wrap-col-inner clearfix  \"   >\n\t\t\t\t<div class=\"fw-col-inner\">\n\t\t\t<div class=\"fw-divider-space  fw-custom-space  clearfix\" style=\"height:30px;\" ><\/div>\t\t<\/div>\n\t<\/div>\n<\/div><\/div>\n\n<div class=\"fw-row\">\n\t<div id=\"column-69fdec1167814\" class=\"fw-col-sm-4 tf-sh-e907c499ef69d3d140f00c8eee8ea6f1\" >\n\t<div class=\"fw-wrap-col-inner clearfix   fw-column-height-custom\" style=\"height: 296px;\"  >\n\t\t\t\t<div class=\"fw-col-inner\">\n\t\t\t\t\t<\/div>\n\t<\/div>\n<\/div><div id=\"column-69fdec1167894\" class=\"fw-col-sm-4 tf-sh-d65a97212c40713e2a0eeb5097f321a7\" >\n\t<div class=\"fw-wrap-col-inner clearfix   fw-column-height-custom\" style=\"height: 296px;\"  >\n\t\t\t\t<div class=\"fw-col-inner\">\n\t\t\t\t\t<\/div>\n\t<\/div>\n<\/div><div id=\"column-69fdec1167903\" class=\"fw-col-sm-4 tf-sh-1c0a6b4742367f08b88dd42fdfaa236c\" >\n\t<div class=\"fw-wrap-col-inner clearfix   fw-column-height-custom\" style=\"height: 296px;\"  >\n\t\t\t\t<div class=\"fw-col-inner\">\n\t\t\t\t\t<\/div>\n\t<\/div>\n<\/div><\/div>\n\n\t<\/div>\n\t<\/section><\/p>\n","protected":false},"excerpt":{"rendered":"<p>Votre partenaire dans le domaine du nettoyage Une exp\u00e9rience depuis plus de 30 ans dans le nettoyage fait de Serve-Pro votre partenaire absolu qui peut r\u00e9soudre tous vos probl\u00e8mes de nettoyage Offre gratuite Contact Nos services Nettoyage bureaux Nettoyage de bureaux, \u00e9coles, locaux industriels, parkings&#8230; Plus d&rsquo;informations Entretien et rafra\u00eechissement de tapis Nettoyage, rafra\u00eechissement et [&hellip;]<\/p>\n","protected":false},"author":1,"featured_media":0,"parent":0,"menu_order":0,"comment_status":"closed","ping_status":"closed","template":"visual-builder-template.php","meta":{"footnotes":""},"class_list":["post-525","page","type-page","status-publish","hentry"],"yoast_head":"<!-- This site is optimized with the Yoast SEO plugin v26.4 - https:\/\/yoast.com\/wordpress\/plugins\/seo\/ -->\n<title>Accueil<\/title>\n<meta name=\"description\" content=\"Met meer dan 30 jaar ervaring in de sector is Serve-Pro de ideale partner voor al uw schoonmaakproblemen.\" \/>\n<meta name=\"robots\" content=\"index, follow, max-snippet:-1, max-image-preview:large, max-video-preview:-1\" \/>\n<link rel=\"canonical\" href=\"https:\/\/servepro.be\/fr\/\" \/>\n<meta property=\"og:locale\" content=\"fr_FR\" \/>\n<meta property=\"og:type\" content=\"article\" \/>\n<meta property=\"og:title\" content=\"Accueil\" \/>\n<meta property=\"og:description\" content=\"Met meer dan 30 jaar ervaring in de sector is Serve-Pro de ideale partner voor al uw schoonmaakproblemen.\" \/>\n<meta property=\"og:url\" content=\"https:\/\/servepro.be\/fr\/\" \/>\n<meta property=\"og:site_name\" content=\"Servepro\" \/>\n<meta property=\"article:modified_time\" content=\"2019-03-19T13:16:59+00:00\" \/>\n<meta property=\"og:image\" content=\"http:\/\/servepro.be\/wp-content\/uploads\/2018\/11\/imgH1.png\" \/>\n<meta name=\"twitter:card\" content=\"summary_large_image\" \/>\n<meta name=\"twitter:label1\" content=\"Dur\u00e9e de lecture estim\u00e9e\" \/>\n\t<meta name=\"twitter:data1\" content=\"2 minutes\" \/>\n<script type=\"application\/ld+json\" class=\"yoast-schema-graph\">{\"@context\":\"https:\/\/schema.org\",\"@graph\":[{\"@type\":\"WebPage\",\"@id\":\"https:\/\/servepro.be\/fr\/\",\"url\":\"https:\/\/servepro.be\/fr\/\",\"name\":\"Accueil\",\"isPartOf\":{\"@id\":\"https:\/\/servepro.be\/#website\"},\"primaryImageOfPage\":{\"@id\":\"https:\/\/servepro.be\/fr\/#primaryimage\"},\"image\":{\"@id\":\"https:\/\/servepro.be\/fr\/#primaryimage\"},\"thumbnailUrl\":\"http:\/\/servepro.be\/wp-content\/uploads\/2018\/11\/imgH1.png\",\"datePublished\":\"2017-10-27T18:11:22+00:00\",\"dateModified\":\"2019-03-19T13:16:59+00:00\",\"description\":\"Met meer dan 30 jaar ervaring in de sector is Serve-Pro de ideale partner voor al uw schoonmaakproblemen.\",\"breadcrumb\":{\"@id\":\"https:\/\/servepro.be\/fr\/#breadcrumb\"},\"inLanguage\":\"fr-FR\",\"potentialAction\":[{\"@type\":\"ReadAction\",\"target\":[\"https:\/\/servepro.be\/fr\/\"]}]},{\"@type\":\"ImageObject\",\"inLanguage\":\"fr-FR\",\"@id\":\"https:\/\/servepro.be\/fr\/#primaryimage\",\"url\":\"http:\/\/servepro.be\/wp-content\/uploads\/2018\/11\/imgH1.png\",\"contentUrl\":\"http:\/\/servepro.be\/wp-content\/uploads\/2018\/11\/imgH1.png\"},{\"@type\":\"BreadcrumbList\",\"@id\":\"https:\/\/servepro.be\/fr\/#breadcrumb\",\"itemListElement\":[{\"@type\":\"ListItem\",\"position\":1,\"name\":\"Home\",\"item\":\"https:\/\/servepro.be\/fr\/\"},{\"@type\":\"ListItem\",\"position\":2,\"name\":\"Accueil\"}]},{\"@type\":\"WebSite\",\"@id\":\"https:\/\/servepro.be\/#website\",\"url\":\"https:\/\/servepro.be\/\",\"name\":\"Servepro\",\"description\":\"servepro\",\"potentialAction\":[{\"@type\":\"SearchAction\",\"target\":{\"@type\":\"EntryPoint\",\"urlTemplate\":\"https:\/\/servepro.be\/?s={search_term_string}\"},\"query-input\":{\"@type\":\"PropertyValueSpecification\",\"valueRequired\":true,\"valueName\":\"search_term_string\"}}],\"inLanguage\":\"fr-FR\"}]}<\/script>\n<!-- \/ Yoast SEO plugin. -->","yoast_head_json":{"title":"Accueil","description":"Met meer dan 30 jaar ervaring in de sector is Serve-Pro de ideale partner voor al uw schoonmaakproblemen.","robots":{"index":"index","follow":"follow","max-snippet":"max-snippet:-1","max-image-preview":"max-image-preview:large","max-video-preview":"max-video-preview:-1"},"canonical":"https:\/\/servepro.be\/fr\/","og_locale":"fr_FR","og_type":"article","og_title":"Accueil","og_description":"Met meer dan 30 jaar ervaring in de sector is Serve-Pro de ideale partner voor al uw schoonmaakproblemen.","og_url":"https:\/\/servepro.be\/fr\/","og_site_name":"Servepro","article_modified_time":"2019-03-19T13:16:59+00:00","og_image":[{"url":"http:\/\/servepro.be\/wp-content\/uploads\/2018\/11\/imgH1.png","type":"","width":"","height":""}],"twitter_card":"summary_large_image","twitter_misc":{"Dur\u00e9e de lecture estim\u00e9e":"2 minutes"},"schema":{"@context":"https:\/\/schema.org","@graph":[{"@type":"WebPage","@id":"https:\/\/servepro.be\/fr\/","url":"https:\/\/servepro.be\/fr\/","name":"Accueil","isPartOf":{"@id":"https:\/\/servepro.be\/#website"},"primaryImageOfPage":{"@id":"https:\/\/servepro.be\/fr\/#primaryimage"},"image":{"@id":"https:\/\/servepro.be\/fr\/#primaryimage"},"thumbnailUrl":"http:\/\/servepro.be\/wp-content\/uploads\/2018\/11\/imgH1.png","datePublished":"2017-10-27T18:11:22+00:00","dateModified":"2019-03-19T13:16:59+00:00","description":"Met meer dan 30 jaar ervaring in de sector is Serve-Pro de ideale partner voor al uw schoonmaakproblemen.","breadcrumb":{"@id":"https:\/\/servepro.be\/fr\/#breadcrumb"},"inLanguage":"fr-FR","potentialAction":[{"@type":"ReadAction","target":["https:\/\/servepro.be\/fr\/"]}]},{"@type":"ImageObject","inLanguage":"fr-FR","@id":"https:\/\/servepro.be\/fr\/#primaryimage","url":"http:\/\/servepro.be\/wp-content\/uploads\/2018\/11\/imgH1.png","contentUrl":"http:\/\/servepro.be\/wp-content\/uploads\/2018\/11\/imgH1.png"},{"@type":"BreadcrumbList","@id":"https:\/\/servepro.be\/fr\/#breadcrumb","itemListElement":[{"@type":"ListItem","position":1,"name":"Home","item":"https:\/\/servepro.be\/fr\/"},{"@type":"ListItem","position":2,"name":"Accueil"}]},{"@type":"WebSite","@id":"https:\/\/servepro.be\/#website","url":"https:\/\/servepro.be\/","name":"Servepro","description":"servepro","potentialAction":[{"@type":"SearchAction","target":{"@type":"EntryPoint","urlTemplate":"https:\/\/servepro.be\/?s={search_term_string}"},"query-input":{"@type":"PropertyValueSpecification","valueRequired":true,"valueName":"search_term_string"}}],"inLanguage":"fr-FR"}]}},"_links":{"self":[{"href":"https:\/\/servepro.be\/fr\/wp-json\/wp\/v2\/pages\/525","targetHints":{"allow":["GET"]}}],"collection":[{"href":"https:\/\/servepro.be\/fr\/wp-json\/wp\/v2\/pages"}],"about":[{"href":"https:\/\/servepro.be\/fr\/wp-json\/wp\/v2\/types\/page"}],"author":[{"embeddable":true,"href":"https:\/\/servepro.be\/fr\/wp-json\/wp\/v2\/users\/1"}],"replies":[{"embeddable":true,"href":"https:\/\/servepro.be\/fr\/wp-json\/wp\/v2\/comments?post=525"}],"version-history":[{"count":5,"href":"https:\/\/servepro.be\/fr\/wp-json\/wp\/v2\/pages\/525\/revisions"}],"predecessor-version":[{"id":910,"href":"https:\/\/servepro.be\/fr\/wp-json\/wp\/v2\/pages\/525\/revisions\/910"}],"wp:attachment":[{"href":"https:\/\/servepro.be\/fr\/wp-json\/wp\/v2\/media?parent=525"}],"curies":[{"name":"wp","href":"https:\/\/api.w.org\/{rel}","templated":true}]}}