{"id":519,"date":"2018-11-21T12:26:12","date_gmt":"2018-11-21T12:26:12","guid":{"rendered":"http:\/\/servepro.be\/realisaties\/"},"modified":"2019-01-23T10:43:25","modified_gmt":"2019-01-23T10:43:25","slug":"realisations-quelques-photos-servepro","status":"publish","type":"page","link":"https:\/\/servepro.be\/fr\/realisations-quelques-photos-servepro\/","title":{"rendered":"Realisaties &#8211; enkele foto&rsquo;s"},"content":{"rendered":"<p><section   class=\"fw-main-row-custom fw-main-row-top  fw_theme_bg_fw-custom fw-section-image fw-section-height-custom fw-content-vertical-align-middle fw-section-position-back tf-sh-f77674dc819317529150607312590b02\"  style=\" background-image:url(\/\/servepro.be\/wp-content\/uploads\/2018\/11\/servepro.jpg); background-repeat: no-repeat; background-position: center center; background-size: auto; height: 500px;\"  >\n\t\t\t<div class=\"fw-container\" >\n\t\t<div class=\"fw-row\">\n\t<div id=\"column-69fdfe847d00a\" class=\"fw-col-sm-12  fw-col-md-6 tf-sh-ac3123ed2299213fc8954537d490b11c\" >\n\t<div class=\"fw-wrap-col-inner clearfix  \"   >\n\t\t\t\t<div class=\"fw-col-inner\">\n\t\t\t<div class=\"fw-heading fw-heading-left t-shadow tf-sh-14dcb0be2f45dad38ea9aac1294fab6d\" >\n\t\t\t<h1 class=\"fw-special-title\">Votre partenaire dans le domaine du nettoyage<\/h1>\n\t\n\t\n\t<\/div><div class=\"fw-text-box tf-sh-25ff24b6bc7adfb11084eb0d63d45217 t-shadow\" >\n\t<div class=\"fw-text-inner\">\n\t\t<p>Une exp\u00e9rience depuis plus de 30 ans dans le nettoyage fait de Serve-Pro votre partenaire absolu qui peut r\u00e9soudre tous vos probl\u00e8mes de nettoyage<\/p>\n\t<\/div>\n<\/div><div class=\"fw-divider-space  fw-custom-space  clearfix\" style=\"height:30px;\" ><\/div>\t<a href=\"\/gratis-offerte\/\" target=\"_self\" class=\"fw-btn tf-sh-4754a7f7976aaad62f41b0155f625c2e    button-offerte fw-btn-side-by-side fw-btn-1\"  style=\"width:131px; height:37px; line-height:37px;\">\n\t\t<span style=\"top:0;\">\n\t\t\tOffre gratuite\t\t<\/span>\n\t<\/a>\n\t<a href=\"\/contact\/\" target=\"_self\" class=\"fw-btn tf-sh-79cccb8954f81af44715793f105719f6     fw-btn-side-by-side fw-btn-2\"  style=\"width:95px; height:37px; line-height:33px;\">\n\t\t<span style=\"top:0;\">\n\t\t\tContact\t\t<\/span>\n\t<\/a>\n\t\t<\/div>\n\t<\/div>\n<\/div><\/div>\n\n\t<\/div>\n\t<\/section><section   class=\"fw-main-row-custom  auto  fw-section-position-back tf-sh-da76f185d45c5af13f7d8c4b7edaf383\"    >\n\t\t\t<div class=\"fw-container\" >\n\t\t\t<\/div>\n\t<\/section><section   class=\"fw-main-row-custom  auto  fw-section-position-back tf-sh-33dbd4ae121ab6dc3ad4a7f6761f4b7d\"    >\n\t\t\t<div class=\"fw-container\" >\n\t\t<div class=\"fw-row\">\n\t<div id=\"column-69fdfe847d58c\" class=\"fw-col-sm-12 tf-sh-de7e46ebe437e5c872073fba81d43b36\" >\n\t<div class=\"fw-wrap-col-inner clearfix  \"   >\n\t\t\t\t<div class=\"fw-col-inner\">\n\t\t\t<div class=\"fw-gallery clearfix tf-sh-b8c3f6c94aa80b16edd6d256c2e7aeb3 fw-gallery-type1 \" >\n\t<div class=\"fw-gallery-col fw-col-width1\"><div class=\"fw-gallery-image fw-height-lg fw-block-image-parent fw-overlay-7  \" >\n\t\t\t\t\t<a href=\"https:\/\/servepro.be\/wp-content\/uploads\/2018\/11\/imgB5.jpg\" data-rel=\"prettyPhoto[fw-gallery-b8c3f6c94aa80b16edd6d256c2e7aeb3]\" rel=\"prettyPhoto[fw-gallery-b8c3f6c94aa80b16edd6d256c2e7aeb3]\" class=\"fw-block-image-child fw-ratio-container fw-ratio-1 \">\n\t\t\t\t\t\t<noscript itemscope itemtype=\"https:\/\/schema.org\/ImageObject\" itemprop=\"image\"><img decoding=\"async\" src=\"https:\/\/servepro.be\/wp-content\/uploads\/2018\/11\/imgB5.jpg\"  alt=\"imgB5\" data-maxdpr=\"1.7\" class=\"attachment-post-thumbnail lazyload\" \/><meta itemprop=\"url\" content=\"https:\/\/servepro.be\/wp-content\/uploads\/2018\/11\/imgB5.jpg\"><meta itemprop=\"width\" content=\"370\"><meta itemprop=\"height\" content=\"296\"><\/noscript><img decoding=\"async\" src=\"data:image\/gif;base64,R0lGODlhAQABAIAAAAAAAP\/\/\/yH5BAEAAAAALAAAAAABAAEAAAIBRAA7\" data-sizes=\"auto\" data-srcset=\"https:\/\/servepro.be\/wp-content\/uploads\/2018\/11\/imgB5-150x150.jpg 150w, https:\/\/servepro.be\/wp-content\/uploads\/2018\/11\/imgB5-295x296.jpg 295w, https:\/\/servepro.be\/wp-content\/uploads\/2018\/11\/imgB5-300x296.jpg 300w, https:\/\/servepro.be\/wp-content\/uploads\/2018\/11\/imgB5-295x296.jpg 295w, https:\/\/servepro.be\/wp-content\/uploads\/2018\/11\/imgB5-300x296.jpg 300w\"   alt=\"imgB5\" data-maxdpr=\"1.7\" class=\"attachment-post-thumbnail lazyload\" \/>\n\t\t\t\t\t\t<div class=\"fw-block-image-overlay\">\n\t\t\t\t\t\t\t<div class=\"fw-itable\">\n\t\t\t\t\t\t\t\t<div class=\"fw-icell\">\n\t\t\t\t\t\t\t\t\t<i class=\"fw-icon-zoom\"><\/i>\n\t\t\t\t\t\t\t\t\t<h5 class=\"fw-overlay-title\">Schoonmaak ramen met hoogtewerker<\/h5>\n\t\t\t\t\t\t\t\t\t<p class=\"fw-overlay-description\"><\/p>\n\t\t\t\t\t\t\t\t<\/div>\n\t\t\t\t\t\t\t<\/div>\n\t\t\t\t\t\t<\/div>\n\t\t\t\t\t<\/a>\n\t\t\t\t<\/div> <div class=\"fw-gallery-image fw-height-md fw-block-image-parent fw-overlay-7  \" >\n\t\t\t\t\t<a href=\"https:\/\/servepro.be\/wp-content\/uploads\/2018\/12\/Industriel-2.jpg\" data-rel=\"prettyPhoto[fw-gallery-b8c3f6c94aa80b16edd6d256c2e7aeb3]\" rel=\"prettyPhoto[fw-gallery-b8c3f6c94aa80b16edd6d256c2e7aeb3]\" class=\"fw-block-image-child fw-ratio-container fw-ratio-16-9 \">\n\t\t\t\t\t\t<noscript itemscope itemtype=\"https:\/\/schema.org\/ImageObject\" itemprop=\"image\"><img decoding=\"async\" src=\"https:\/\/servepro.be\/wp-content\/uploads\/2018\/12\/Industriel-2.jpg\"  alt=\"Industriel 2\" data-maxdpr=\"1.7\" class=\"attachment-post-thumbnail lazyload\" \/><meta itemprop=\"url\" content=\"https:\/\/servepro.be\/wp-content\/uploads\/2018\/12\/Industriel-2.jpg\"><meta itemprop=\"width\" content=\"308\"><meta itemprop=\"height\" content=\"164\"><\/noscript><img decoding=\"async\" src=\"data:image\/gif;base64,R0lGODlhAQABAIAAAAAAAP\/\/\/yH5BAEAAAAALAAAAAABAAEAAAIBRAA7\" data-sizes=\"auto\" data-srcset=\"https:\/\/servepro.be\/wp-content\/uploads\/2018\/12\/Industriel-2.jpg\"   alt=\"Industriel 2\" data-maxdpr=\"1.7\" class=\"attachment-post-thumbnail lazyload\" \/><span class=\"fw-after-no-ratio\" style=\"padding-bottom: 53.246753246753%\"><\/span>\n\t\t\t\t\t\t<div class=\"fw-block-image-overlay\">\n\t\t\t\t\t\t\t<div class=\"fw-itable\">\n\t\t\t\t\t\t\t\t<div class=\"fw-icell\">\n\t\t\t\t\t\t\t\t\t<i class=\"fw-icon-zoom\"><\/i>\n\t\t\t\t\t\t\t\t\t<h5 class=\"fw-overlay-title\">Schoonmaak industri\u00eble lokalen<\/h5>\n\t\t\t\t\t\t\t\t\t<p class=\"fw-overlay-description\"><\/p>\n\t\t\t\t\t\t\t\t<\/div>\n\t\t\t\t\t\t\t<\/div>\n\t\t\t\t\t\t<\/div>\n\t\t\t\t\t<\/a>\n\t\t\t\t<\/div><div class=\"fw-gallery-image fw-height-lg fw-block-image-parent fw-overlay-7  \" >\n\t\t\t\t\t<a href=\"https:\/\/servepro.be\/wp-content\/uploads\/2018\/12\/DSC_3183.jpg\" data-rel=\"prettyPhoto[fw-gallery-b8c3f6c94aa80b16edd6d256c2e7aeb3]\" rel=\"prettyPhoto[fw-gallery-b8c3f6c94aa80b16edd6d256c2e7aeb3]\" class=\"fw-block-image-child fw-ratio-container fw-ratio-1 \">\n\t\t\t\t\t\t<noscript itemscope itemtype=\"https:\/\/schema.org\/ImageObject\" itemprop=\"image\"><img decoding=\"async\" src=\"https:\/\/servepro.be\/wp-content\/uploads\/2018\/12\/DSC_3183.jpg\"  alt=\"DSC_3183\" data-maxdpr=\"1.7\" class=\"attachment-post-thumbnail lazyload\" \/><meta itemprop=\"url\" content=\"https:\/\/servepro.be\/wp-content\/uploads\/2018\/12\/DSC_3183.jpg\"><meta itemprop=\"width\" content=\"3872\"><meta itemprop=\"height\" content=\"2592\"><\/noscript><img decoding=\"async\" src=\"data:image\/gif;base64,R0lGODlhAQABAIAAAAAAAP\/\/\/yH5BAEAAAAALAAAAAABAAEAAAIBRAA7\" data-sizes=\"auto\" data-srcset=\"https:\/\/servepro.be\/wp-content\/uploads\/2018\/12\/DSC_3183-150x150.jpg 150w, https:\/\/servepro.be\/wp-content\/uploads\/2018\/12\/DSC_3183-800x800.jpg 800w, https:\/\/servepro.be\/wp-content\/uploads\/2018\/12\/DSC_3183-300x300.jpg 300w\"   alt=\"DSC_3183\" data-maxdpr=\"1.7\" class=\"attachment-post-thumbnail lazyload\" \/>\n\t\t\t\t\t\t<div class=\"fw-block-image-overlay\">\n\t\t\t\t\t\t\t<div class=\"fw-itable\">\n\t\t\t\t\t\t\t\t<div class=\"fw-icell\">\n\t\t\t\t\t\t\t\t\t<i class=\"fw-icon-zoom\"><\/i>\n\t\t\t\t\t\t\t\t\t<h5 class=\"fw-overlay-title\"><\/h5>\n\t\t\t\t\t\t\t\t\t<p class=\"fw-overlay-description\"><\/p>\n\t\t\t\t\t\t\t\t<\/div>\n\t\t\t\t\t\t\t<\/div>\n\t\t\t\t\t\t<\/div>\n\t\t\t\t\t<\/a>\n\t\t\t\t<\/div><\/div><div class=\"fw-gallery-col fw-col-width2\"><div class=\"fw-gallery-image fw-height-md fw-block-image-parent fw-overlay-7  \" >\n\t\t\t\t\t<a href=\"https:\/\/servepro.be\/wp-content\/uploads\/2019\/01\/IMG_0520-e1546437155248.jpg\" data-rel=\"prettyPhoto[fw-gallery-b8c3f6c94aa80b16edd6d256c2e7aeb3]\" rel=\"prettyPhoto[fw-gallery-b8c3f6c94aa80b16edd6d256c2e7aeb3]\" class=\"fw-block-image-child fw-ratio-container fw-ratio-4-3 \">\n\t\t\t\t\t\t<noscript itemscope itemtype=\"https:\/\/schema.org\/ImageObject\" itemprop=\"image\"><img decoding=\"async\" src=\"https:\/\/servepro.be\/wp-content\/uploads\/2019\/01\/IMG_0520-e1546437155248.jpg\"  alt=\"IMG_0520\" data-maxdpr=\"1.7\" class=\"attachment-post-thumbnail lazyload\" \/><meta itemprop=\"url\" content=\"https:\/\/servepro.be\/wp-content\/uploads\/2019\/01\/IMG_0520-e1546437155248.jpg\"><meta itemprop=\"width\" content=\"480\"><meta itemprop=\"height\" content=\"640\"><\/noscript><img decoding=\"async\" src=\"data:image\/gif;base64,R0lGODlhAQABAIAAAAAAAP\/\/\/yH5BAEAAAAALAAAAAABAAEAAAIBRAA7\" data-sizes=\"auto\" data-srcset=\"https:\/\/servepro.be\/wp-content\/uploads\/2019\/01\/IMG_0520-e1546437155248-393x295.jpg 393w\"   alt=\"IMG_0520\" data-maxdpr=\"1.7\" class=\"attachment-post-thumbnail lazyload\" \/>\n\t\t\t\t\t\t<div class=\"fw-block-image-overlay\">\n\t\t\t\t\t\t\t<div class=\"fw-itable\">\n\t\t\t\t\t\t\t\t<div class=\"fw-icell\">\n\t\t\t\t\t\t\t\t\t<i class=\"fw-icon-zoom\"><\/i>\n\t\t\t\t\t\t\t\t\t<h5 class=\"fw-overlay-title\">Schoonmaak door hoge druk<\/h5>\n\t\t\t\t\t\t\t\t\t<p class=\"fw-overlay-description\"><\/p>\n\t\t\t\t\t\t\t\t<\/div>\n\t\t\t\t\t\t\t<\/div>\n\t\t\t\t\t\t<\/div>\n\t\t\t\t\t<\/a>\n\t\t\t\t<\/div><div class=\"fw-gallery-image fw-height-sm fw-block-image-parent fw-overlay-7  \" >\n\t\t\t\t\t<a href=\"https:\/\/servepro.be\/wp-content\/uploads\/2018\/12\/20150609_11274747.jpg\" data-rel=\"prettyPhoto[fw-gallery-b8c3f6c94aa80b16edd6d256c2e7aeb3]\" rel=\"prettyPhoto[fw-gallery-b8c3f6c94aa80b16edd6d256c2e7aeb3]\" class=\"fw-block-image-child fw-ratio-container fw-ratio-16-9 \">\n\t\t\t\t\t\t<noscript itemscope itemtype=\"https:\/\/schema.org\/ImageObject\" itemprop=\"image\"><img decoding=\"async\" src=\"https:\/\/servepro.be\/wp-content\/uploads\/2018\/12\/20150609_11274747.jpg\"  alt=\"20150609_11274747\" data-maxdpr=\"1.7\" class=\"attachment-post-thumbnail lazyload\" \/><meta itemprop=\"url\" content=\"https:\/\/servepro.be\/wp-content\/uploads\/2018\/12\/20150609_11274747.jpg\"><meta itemprop=\"width\" content=\"400\"><meta itemprop=\"height\" content=\"300\"><\/noscript><img decoding=\"async\" src=\"data:image\/gif;base64,R0lGODlhAQABAIAAAAAAAP\/\/\/yH5BAEAAAAALAAAAAABAAEAAAIBRAA7\" data-sizes=\"auto\" data-srcset=\"https:\/\/servepro.be\/wp-content\/uploads\/2018\/12\/20150609_11274747-295x166.jpg 295w\"   alt=\"20150609_11274747\" data-maxdpr=\"1.7\" class=\"attachment-post-thumbnail lazyload\" \/>\n\t\t\t\t\t\t<div class=\"fw-block-image-overlay\">\n\t\t\t\t\t\t\t<div class=\"fw-itable\">\n\t\t\t\t\t\t\t\t<div class=\"fw-icell\">\n\t\t\t\t\t\t\t\t\t<i class=\"fw-icon-zoom\"><\/i>\n\t\t\t\t\t\t\t\t\t<h5 class=\"fw-overlay-title\">Schoonmaak marmer en vloeren<\/h5>\n\t\t\t\t\t\t\t\t\t<p class=\"fw-overlay-description\"><\/p>\n\t\t\t\t\t\t\t\t<\/div>\n\t\t\t\t\t\t\t<\/div>\n\t\t\t\t\t\t<\/div>\n\t\t\t\t\t<\/a>\n\t\t\t\t<\/div><div class=\"fw-gallery-image fw-height-md fw-block-image-parent fw-overlay-7  \" >\n\t\t\t\t\t<a href=\"https:\/\/servepro.be\/wp-content\/uploads\/2019\/01\/informatique-1.png\" data-rel=\"prettyPhoto[fw-gallery-b8c3f6c94aa80b16edd6d256c2e7aeb3]\" rel=\"prettyPhoto[fw-gallery-b8c3f6c94aa80b16edd6d256c2e7aeb3]\" class=\"fw-block-image-child fw-ratio-container fw-ratio-4-3 \">\n\t\t\t\t\t\t<noscript itemscope itemtype=\"https:\/\/schema.org\/ImageObject\" itemprop=\"image\"><img decoding=\"async\" src=\"https:\/\/servepro.be\/wp-content\/uploads\/2019\/01\/informatique-1.png\"  alt=\"informatique 1\" data-maxdpr=\"1.7\" class=\"attachment-post-thumbnail lazyload\" \/><meta itemprop=\"url\" content=\"https:\/\/servepro.be\/wp-content\/uploads\/2019\/01\/informatique-1.png\"><meta itemprop=\"width\" content=\"275\"><meta itemprop=\"height\" content=\"183\"><\/noscript><img decoding=\"async\" src=\"data:image\/gif;base64,R0lGODlhAQABAIAAAAAAAP\/\/\/yH5BAEAAAAALAAAAAABAAEAAAIBRAA7\" data-sizes=\"auto\" data-srcset=\"https:\/\/servepro.be\/wp-content\/uploads\/2019\/01\/informatique-1.png 275w\"   alt=\"informatique 1\" data-maxdpr=\"1.7\" class=\"attachment-post-thumbnail lazyload\" \/>\n\t\t\t\t\t\t<div class=\"fw-block-image-overlay\">\n\t\t\t\t\t\t\t<div class=\"fw-itable\">\n\t\t\t\t\t\t\t\t<div class=\"fw-icell\">\n\t\t\t\t\t\t\t\t\t<i class=\"fw-icon-zoom\"><\/i>\n\t\t\t\t\t\t\t\t\t<h5 class=\"fw-overlay-title\">Schoonmaak informatica-park<\/h5>\n\t\t\t\t\t\t\t\t\t<p class=\"fw-overlay-description\"><\/p>\n\t\t\t\t\t\t\t\t<\/div>\n\t\t\t\t\t\t\t<\/div>\n\t\t\t\t\t\t<\/div>\n\t\t\t\t\t<\/a>\n\t\t\t\t<\/div><\/div><div class=\"fw-gallery-col fw-col-width1\"><div class=\"fw-gallery-image fw-height-lg fw-block-image-parent fw-overlay-7  \" >\n\t\t\t\t\t<a href=\"https:\/\/servepro.be\/wp-content\/uploads\/2018\/12\/DSC_3181.jpg\" data-rel=\"prettyPhoto[fw-gallery-b8c3f6c94aa80b16edd6d256c2e7aeb3]\" rel=\"prettyPhoto[fw-gallery-b8c3f6c94aa80b16edd6d256c2e7aeb3]\" class=\"fw-block-image-child fw-ratio-container fw-ratio-1 \">\n\t\t\t\t\t\t<noscript itemscope itemtype=\"https:\/\/schema.org\/ImageObject\" itemprop=\"image\"><img decoding=\"async\" src=\"https:\/\/servepro.be\/wp-content\/uploads\/2018\/12\/DSC_3181.jpg\"  alt=\"DSC_3181\" data-maxdpr=\"1.7\" class=\"attachment-post-thumbnail lazyload\" \/><meta itemprop=\"url\" content=\"https:\/\/servepro.be\/wp-content\/uploads\/2018\/12\/DSC_3181.jpg\"><meta itemprop=\"width\" content=\"3872\"><meta itemprop=\"height\" content=\"2592\"><\/noscript><img decoding=\"async\" src=\"data:image\/gif;base64,R0lGODlhAQABAIAAAAAAAP\/\/\/yH5BAEAAAAALAAAAAABAAEAAAIBRAA7\" data-sizes=\"auto\" data-srcset=\"https:\/\/servepro.be\/wp-content\/uploads\/2018\/12\/DSC_3181-150x150.jpg 150w, https:\/\/servepro.be\/wp-content\/uploads\/2018\/12\/DSC_3181-800x800.jpg 800w, https:\/\/servepro.be\/wp-content\/uploads\/2018\/12\/DSC_3181-300x300.jpg 300w\"   alt=\"DSC_3181\" data-maxdpr=\"1.7\" class=\"attachment-post-thumbnail lazyload\" \/>\n\t\t\t\t\t\t<div class=\"fw-block-image-overlay\">\n\t\t\t\t\t\t\t<div class=\"fw-itable\">\n\t\t\t\t\t\t\t\t<div class=\"fw-icell\">\n\t\t\t\t\t\t\t\t\t<i class=\"fw-icon-zoom\"><\/i>\n\t\t\t\t\t\t\t\t\t<h5 class=\"fw-overlay-title\">Schoonmaak en opfrissen tapijten<\/h5>\n\t\t\t\t\t\t\t\t\t<p class=\"fw-overlay-description\"><\/p>\n\t\t\t\t\t\t\t\t<\/div>\n\t\t\t\t\t\t\t<\/div>\n\t\t\t\t\t\t<\/div>\n\t\t\t\t\t<\/a>\n\t\t\t\t<\/div><div class=\"fw-gallery-image fw-height-md fw-block-image-parent fw-overlay-7  \" >\n\t\t\t\t\t<a href=\"https:\/\/servepro.be\/wp-content\/uploads\/2019\/01\/images3JYVNH0T.jpg\" data-rel=\"prettyPhoto[fw-gallery-b8c3f6c94aa80b16edd6d256c2e7aeb3]\" rel=\"prettyPhoto[fw-gallery-b8c3f6c94aa80b16edd6d256c2e7aeb3]\" class=\"fw-block-image-child fw-ratio-container fw-ratio-16-9 \">\n\t\t\t\t\t\t<noscript itemscope itemtype=\"https:\/\/schema.org\/ImageObject\" itemprop=\"image\"><img decoding=\"async\" src=\"https:\/\/servepro.be\/wp-content\/uploads\/2019\/01\/images3JYVNH0T.jpg\"  alt=\"images3JYVNH0T\" data-maxdpr=\"1.7\" class=\"attachment-post-thumbnail lazyload\" \/><meta itemprop=\"url\" content=\"https:\/\/servepro.be\/wp-content\/uploads\/2019\/01\/images3JYVNH0T.jpg\"><meta itemprop=\"width\" content=\"275\"><meta itemprop=\"height\" content=\"183\"><\/noscript><img decoding=\"async\" src=\"data:image\/gif;base64,R0lGODlhAQABAIAAAAAAAP\/\/\/yH5BAEAAAAALAAAAAABAAEAAAIBRAA7\" data-sizes=\"auto\" data-srcset=\"https:\/\/servepro.be\/wp-content\/uploads\/2019\/01\/images3JYVNH0T.jpg 275w\"   alt=\"images3JYVNH0T\" data-maxdpr=\"1.7\" class=\"attachment-post-thumbnail lazyload\" \/>\n\t\t\t\t\t\t<div class=\"fw-block-image-overlay\">\n\t\t\t\t\t\t\t<div class=\"fw-itable\">\n\t\t\t\t\t\t\t\t<div class=\"fw-icell\">\n\t\t\t\t\t\t\t\t\t<i class=\"fw-icon-zoom\"><\/i>\n\t\t\t\t\t\t\t\t\t<h5 class=\"fw-overlay-title\">Onderhoud tuinen<\/h5>\n\t\t\t\t\t\t\t\t\t<p class=\"fw-overlay-description\"><\/p>\n\t\t\t\t\t\t\t\t<\/div>\n\t\t\t\t\t\t\t<\/div>\n\t\t\t\t\t\t<\/div>\n\t\t\t\t\t<\/a>\n\t\t\t\t<\/div><\/div><\/div>\t\t<\/div>\n\t<\/div>\n<\/div><\/div>\n\n\t<\/div>\n\t<\/section><section   class=\"fw-main-row-custom  auto  fw-section-position-back tf-sh-370cfb3ab59bd582478d18024f5cc88e\"    >\n\t\t\t<div class=\"fw-container\" >\n\t\t\t<\/div>\n\t<\/section><\/p>\n","protected":false},"excerpt":{"rendered":"<p>Votre partenaire dans le domaine du nettoyage Une exp\u00e9rience depuis plus de 30 ans dans le nettoyage fait de Serve-Pro votre partenaire absolu qui peut r\u00e9soudre tous vos probl\u00e8mes de nettoyage Offre gratuite Contact Schoonmaak ramen met hoogtewerker Schoonmaak industri\u00eble lokalen Schoonmaak door hoge druk Schoonmaak marmer en vloeren Schoonmaak informatica-park Schoonmaak en opfrissen tapijten [&hellip;]<\/p>\n","protected":false},"author":1,"featured_media":0,"parent":0,"menu_order":0,"comment_status":"closed","ping_status":"closed","template":"visual-builder-template.php","meta":{"footnotes":""},"class_list":["post-519","page","type-page","status-publish","hentry"],"yoast_head":"<!-- This site is optimized with the Yoast SEO plugin v26.4 - https:\/\/yoast.com\/wordpress\/plugins\/seo\/ -->\n<title>Realisaties - enkele foto&#039;s  - Servepro<\/title>\n<meta name=\"description\" content=\"Zowel voor de schoonmaak van uw boetiek, kantoor, of school, evenals voor schoonmaak van ramen bent u bij ons aan het juiste adres.Met meer dan 30 jaar ervaring kunnen wij u zeker helpen!\" \/>\n<meta name=\"robots\" content=\"index, follow, max-snippet:-1, max-image-preview:large, max-video-preview:-1\" \/>\n<link rel=\"canonical\" href=\"https:\/\/servepro.be\/fr\/realisations-quelques-photos-servepro\/\" \/>\n<meta property=\"og:locale\" content=\"fr_FR\" \/>\n<meta property=\"og:type\" content=\"article\" \/>\n<meta property=\"og:title\" content=\"Realisaties - enkele foto&#039;s  - Servepro\" \/>\n<meta property=\"og:description\" content=\"Zowel voor de schoonmaak van uw boetiek, kantoor, of school, evenals voor schoonmaak van ramen bent u bij ons aan het juiste adres.Met meer dan 30 jaar ervaring kunnen wij u zeker helpen!\" \/>\n<meta property=\"og:url\" content=\"https:\/\/servepro.be\/fr\/realisations-quelques-photos-servepro\/\" \/>\n<meta property=\"og:site_name\" content=\"Servepro\" \/>\n<meta property=\"article:modified_time\" content=\"2019-01-23T10:43:25+00:00\" \/>\n<meta property=\"og:image\" content=\"http:\/\/servepro.be\/wp-content\/uploads\/2018\/11\/imgB5.jpg\" \/>\n<meta name=\"twitter:card\" content=\"summary_large_image\" \/>\n<script type=\"application\/ld+json\" class=\"yoast-schema-graph\">{\"@context\":\"https:\/\/schema.org\",\"@graph\":[{\"@type\":\"WebPage\",\"@id\":\"https:\/\/servepro.be\/fr\/realisations-quelques-photos-servepro\/\",\"url\":\"https:\/\/servepro.be\/fr\/realisations-quelques-photos-servepro\/\",\"name\":\"Realisaties - enkele foto's - Servepro\",\"isPartOf\":{\"@id\":\"https:\/\/servepro.be\/#website\"},\"primaryImageOfPage\":{\"@id\":\"https:\/\/servepro.be\/fr\/realisations-quelques-photos-servepro\/#primaryimage\"},\"image\":{\"@id\":\"https:\/\/servepro.be\/fr\/realisations-quelques-photos-servepro\/#primaryimage\"},\"thumbnailUrl\":\"http:\/\/servepro.be\/wp-content\/uploads\/2018\/11\/imgB5.jpg\",\"datePublished\":\"2018-11-21T12:26:12+00:00\",\"dateModified\":\"2019-01-23T10:43:25+00:00\",\"description\":\"Zowel voor de schoonmaak van uw boetiek, kantoor, of school, evenals voor schoonmaak van ramen bent u bij ons aan het juiste adres.Met meer dan 30 jaar ervaring kunnen wij u zeker helpen!\",\"breadcrumb\":{\"@id\":\"https:\/\/servepro.be\/fr\/realisations-quelques-photos-servepro\/#breadcrumb\"},\"inLanguage\":\"fr-FR\",\"potentialAction\":[{\"@type\":\"ReadAction\",\"target\":[\"https:\/\/servepro.be\/fr\/realisations-quelques-photos-servepro\/\"]}]},{\"@type\":\"ImageObject\",\"inLanguage\":\"fr-FR\",\"@id\":\"https:\/\/servepro.be\/fr\/realisations-quelques-photos-servepro\/#primaryimage\",\"url\":\"http:\/\/servepro.be\/wp-content\/uploads\/2018\/11\/imgB5.jpg\",\"contentUrl\":\"http:\/\/servepro.be\/wp-content\/uploads\/2018\/11\/imgB5.jpg\"},{\"@type\":\"BreadcrumbList\",\"@id\":\"https:\/\/servepro.be\/fr\/realisations-quelques-photos-servepro\/#breadcrumb\",\"itemListElement\":[{\"@type\":\"ListItem\",\"position\":1,\"name\":\"Home\",\"item\":\"https:\/\/servepro.be\/fr\/\"},{\"@type\":\"ListItem\",\"position\":2,\"name\":\"Realisaties &#8211; enkele foto&rsquo;s\"}]},{\"@type\":\"WebSite\",\"@id\":\"https:\/\/servepro.be\/#website\",\"url\":\"https:\/\/servepro.be\/\",\"name\":\"Servepro\",\"description\":\"servepro\",\"potentialAction\":[{\"@type\":\"SearchAction\",\"target\":{\"@type\":\"EntryPoint\",\"urlTemplate\":\"https:\/\/servepro.be\/?s={search_term_string}\"},\"query-input\":{\"@type\":\"PropertyValueSpecification\",\"valueRequired\":true,\"valueName\":\"search_term_string\"}}],\"inLanguage\":\"fr-FR\"}]}<\/script>\n<!-- \/ Yoast SEO plugin. -->","yoast_head_json":{"title":"Realisaties - enkele foto's  - Servepro","description":"Zowel voor de schoonmaak van uw boetiek, kantoor, of school, evenals voor schoonmaak van ramen bent u bij ons aan het juiste adres.Met meer dan 30 jaar ervaring kunnen wij u zeker helpen!","robots":{"index":"index","follow":"follow","max-snippet":"max-snippet:-1","max-image-preview":"max-image-preview:large","max-video-preview":"max-video-preview:-1"},"canonical":"https:\/\/servepro.be\/fr\/realisations-quelques-photos-servepro\/","og_locale":"fr_FR","og_type":"article","og_title":"Realisaties - enkele foto's  - Servepro","og_description":"Zowel voor de schoonmaak van uw boetiek, kantoor, of school, evenals voor schoonmaak van ramen bent u bij ons aan het juiste adres.Met meer dan 30 jaar ervaring kunnen wij u zeker helpen!","og_url":"https:\/\/servepro.be\/fr\/realisations-quelques-photos-servepro\/","og_site_name":"Servepro","article_modified_time":"2019-01-23T10:43:25+00:00","og_image":[{"url":"http:\/\/servepro.be\/wp-content\/uploads\/2018\/11\/imgB5.jpg","type":"","width":"","height":""}],"twitter_card":"summary_large_image","schema":{"@context":"https:\/\/schema.org","@graph":[{"@type":"WebPage","@id":"https:\/\/servepro.be\/fr\/realisations-quelques-photos-servepro\/","url":"https:\/\/servepro.be\/fr\/realisations-quelques-photos-servepro\/","name":"Realisaties - enkele foto's - Servepro","isPartOf":{"@id":"https:\/\/servepro.be\/#website"},"primaryImageOfPage":{"@id":"https:\/\/servepro.be\/fr\/realisations-quelques-photos-servepro\/#primaryimage"},"image":{"@id":"https:\/\/servepro.be\/fr\/realisations-quelques-photos-servepro\/#primaryimage"},"thumbnailUrl":"http:\/\/servepro.be\/wp-content\/uploads\/2018\/11\/imgB5.jpg","datePublished":"2018-11-21T12:26:12+00:00","dateModified":"2019-01-23T10:43:25+00:00","description":"Zowel voor de schoonmaak van uw boetiek, kantoor, of school, evenals voor schoonmaak van ramen bent u bij ons aan het juiste adres.Met meer dan 30 jaar ervaring kunnen wij u zeker helpen!","breadcrumb":{"@id":"https:\/\/servepro.be\/fr\/realisations-quelques-photos-servepro\/#breadcrumb"},"inLanguage":"fr-FR","potentialAction":[{"@type":"ReadAction","target":["https:\/\/servepro.be\/fr\/realisations-quelques-photos-servepro\/"]}]},{"@type":"ImageObject","inLanguage":"fr-FR","@id":"https:\/\/servepro.be\/fr\/realisations-quelques-photos-servepro\/#primaryimage","url":"http:\/\/servepro.be\/wp-content\/uploads\/2018\/11\/imgB5.jpg","contentUrl":"http:\/\/servepro.be\/wp-content\/uploads\/2018\/11\/imgB5.jpg"},{"@type":"BreadcrumbList","@id":"https:\/\/servepro.be\/fr\/realisations-quelques-photos-servepro\/#breadcrumb","itemListElement":[{"@type":"ListItem","position":1,"name":"Home","item":"https:\/\/servepro.be\/fr\/"},{"@type":"ListItem","position":2,"name":"Realisaties &#8211; enkele foto&rsquo;s"}]},{"@type":"WebSite","@id":"https:\/\/servepro.be\/#website","url":"https:\/\/servepro.be\/","name":"Servepro","description":"servepro","potentialAction":[{"@type":"SearchAction","target":{"@type":"EntryPoint","urlTemplate":"https:\/\/servepro.be\/?s={search_term_string}"},"query-input":{"@type":"PropertyValueSpecification","valueRequired":true,"valueName":"search_term_string"}}],"inLanguage":"fr-FR"}]}},"_links":{"self":[{"href":"https:\/\/servepro.be\/fr\/wp-json\/wp\/v2\/pages\/519","targetHints":{"allow":["GET"]}}],"collection":[{"href":"https:\/\/servepro.be\/fr\/wp-json\/wp\/v2\/pages"}],"about":[{"href":"https:\/\/servepro.be\/fr\/wp-json\/wp\/v2\/types\/page"}],"author":[{"embeddable":true,"href":"https:\/\/servepro.be\/fr\/wp-json\/wp\/v2\/users\/1"}],"replies":[{"embeddable":true,"href":"https:\/\/servepro.be\/fr\/wp-json\/wp\/v2\/comments?post=519"}],"version-history":[{"count":5,"href":"https:\/\/servepro.be\/fr\/wp-json\/wp\/v2\/pages\/519\/revisions"}],"predecessor-version":[{"id":884,"href":"https:\/\/servepro.be\/fr\/wp-json\/wp\/v2\/pages\/519\/revisions\/884"}],"wp:attachment":[{"href":"https:\/\/servepro.be\/fr\/wp-json\/wp\/v2\/media?parent=519"}],"curies":[{"name":"wp","href":"https:\/\/api.w.org\/{rel}","templated":true}]}}