{"id":508,"date":"2018-11-22T07:42:47","date_gmt":"2018-11-22T07:42:47","guid":{"rendered":"http:\/\/servepro.be\/onderhoud\/tuinen\/"},"modified":"2019-03-26T05:58:59","modified_gmt":"2019-03-26T05:58:59","slug":"tuinen","status":"publish","type":"page","link":"https:\/\/servepro.be\/fr\/diensten\/onderhoud\/tuinen\/","title":{"rendered":"Tuinen"},"content":{"rendered":"<p><section   class=\"fw-main-row-custom fw-main-row-top  fw_theme_bg_fw-custom fw-section-image fw-section-height-custom fw-content-vertical-align-middle fw-section-position-back tf-sh-f77674dc819317529150607312590b02\"  style=\" background-image:url(\/\/servepro.be\/wp-content\/uploads\/2018\/11\/servepro.jpg); background-repeat: no-repeat; background-position: center center; background-size: auto; height: 500px;\"  >\n\t\t\t<div class=\"fw-container\" >\n\t\t<div class=\"fw-row\">\n\t<div id=\"column-69fe033f7b0a6\" class=\"fw-col-sm-12  fw-col-md-6 tf-sh-ac3123ed2299213fc8954537d490b11c\" >\n\t<div class=\"fw-wrap-col-inner clearfix  \"   >\n\t\t\t\t<div class=\"fw-col-inner\">\n\t\t\t<div class=\"fw-heading fw-heading-left t-shadow tf-sh-14dcb0be2f45dad38ea9aac1294fab6d\" >\n\t\t\t<h1 class=\"fw-special-title\">Votre partenaire dans le domaine du nettoyage<\/h1>\n\t\n\t\n\t<\/div><div class=\"fw-text-box tf-sh-25ff24b6bc7adfb11084eb0d63d45217 t-shadow\" >\n\t<div class=\"fw-text-inner\">\n\t\t<p>Une exp\u00e9rience depuis plus de 30 ans dans le nettoyage fait de Serve-Pro votre partenaire absolu qui peut r\u00e9soudre tous vos probl\u00e8mes de nettoyage<\/p>\n\t<\/div>\n<\/div><div class=\"fw-divider-space  fw-custom-space  clearfix\" style=\"height:30px;\" ><\/div>\t<a href=\"\/gratis-offerte\/\" target=\"_self\" class=\"fw-btn tf-sh-4754a7f7976aaad62f41b0155f625c2e    button-offerte fw-btn-side-by-side fw-btn-1\"  style=\"width:131px; height:37px; line-height:37px;\">\n\t\t<span style=\"top:0;\">\n\t\t\tOffre gratuite\t\t<\/span>\n\t<\/a>\n\t<a href=\"\/contact\/\" target=\"_self\" class=\"fw-btn tf-sh-79cccb8954f81af44715793f105719f6     fw-btn-side-by-side fw-btn-2\"  style=\"width:95px; height:37px; line-height:33px;\">\n\t\t<span style=\"top:0;\">\n\t\t\tContact\t\t<\/span>\n\t<\/a>\n\t\t<\/div>\n\t<\/div>\n<\/div><\/div>\n\n\t<\/div>\n\t<\/section><section   class=\"fw-main-row-custom  auto  fw-section-position-back tf-sh-da76f185d45c5af13f7d8c4b7edaf383\"    >\n\t\t\t<div class=\"fw-container\" >\n\t\t<div class=\"fw-row\">\n\t<div id=\"column-69fe033f7b558\" class=\"fw-col-sm-12 tf-sh-1d9be4e33289a7e535366848b71566dc  fw-col-no-padding\" >\n\t<div class=\"fw-wrap-col-inner clearfix  \"   >\n\t\t\t\t<div class=\"fw-col-inner\">\n\t\t\t<div class=\"shortcode-widget-area col-sm-12 fw-sidebar \" >\n\t<div class=\"fw-col-inner\">\n\t\t<aside id=\"execphp-2\" class=\"widget widget_execphp\">\t\t\t<div class=\"execphpwidget\"><div class=\"breadcrumbs\" typeof=\"BreadcrumbList\" vocab=\"http:\/\/schema.org\/\">\r\n\r\n\t<!-- Breadcrumb NavXT 7.4.1 -->\n<span property=\"itemListElement\" typeof=\"ListItem\"><a property=\"item\" typeof=\"WebPage\" title=\"Go to Servepro.\" href=\"https:\/\/servepro.be\/fr\/\" class=\"home\"><span property=\"name\">Home<\/span><\/a><meta property=\"position\" content=\"1\"><\/span>\r\n<\/div><\/div>\n\t\t<\/aside>\t<\/div>\n<\/div>\t\t<\/div>\n\t<\/div>\n<\/div><\/div>\n\n<div class=\"fw-row\">\n\t<div id=\"column-69fe033f7baaf\" class=\"fw-col-sm-12  fw-col-md-8 tf-sh-5b501cce8bc92173dbbea1c432ce5299\" >\n\t<div class=\"fw-wrap-col-inner clearfix  \"   >\n\t\t\t\t<div class=\"fw-col-inner\">\n\t\t\t<div class=\"fw-heading fw-heading-left  tf-sh-e64096e89c7ab52a4918c9076912395e\" >\n\t\t\t<h1 class=\"fw-special-title\">Entretien jardins<\/h1>\n\t\n\t\n\t<\/div><div class=\"fw-text-box tf-sh-2f91a32cb3c9ad32c45a6af533d1e7fb \" >\n\t<div class=\"fw-text-inner\">\n\t\t<p>Vous \u00eates propri\u00e9taire d'un bien et vous \u00eates \u00e0 la recherche d'un jardinier pour refaire ou entretenir le petit jardin commun?<\/p>\n<p>Ici aussi nous sommes \u00e0 votre service.<\/p>\n<p>Serve-Pro a \u00e9galement des jardiniers qui s'engagent pour la propret\u00e9 et entretien de votre jardin.<\/p>\n\t<\/div>\n<\/div>\t\t<\/div>\n\t<\/div>\n<\/div><div id=\"column-69fe033f7bc94\" class=\"fw-col-sm-12  fw-col-md-4 tf-sh-72da0e0149ba2e6086ea5718a05f7b13 sidebar-form\" >\n\t<div class=\"fw-wrap-col-inner clearfix  \"   >\n\t\t\t\t<div class=\"fw-col-inner\">\n\t\t\t<div class=\"fw-text-box tf-sh-126936e7bf29e4dc50c951df0f799f87 \" >\n\t<div class=\"fw-text-inner\">\n\t\t<p><script>\nvar gform;gform||(document.addEventListener(\"gform_main_scripts_loaded\",function(){gform.scriptsLoaded=!0}),document.addEventListener(\"gform\/theme\/scripts_loaded\",function(){gform.themeScriptsLoaded=!0}),window.addEventListener(\"DOMContentLoaded\",function(){gform.domLoaded=!0}),gform={domLoaded:!1,scriptsLoaded:!1,themeScriptsLoaded:!1,isFormEditor:()=>\"function\"==typeof InitializeEditor,callIfLoaded:function(o){return!(!gform.domLoaded||!gform.scriptsLoaded||!gform.themeScriptsLoaded&&!gform.isFormEditor()||(gform.isFormEditor()&&console.warn(\"The use of gform.initializeOnLoaded() is deprecated in the form editor context and will be removed in Gravity Forms 3.1.\"),o(),0))},initializeOnLoaded:function(o){gform.callIfLoaded(o)||(document.addEventListener(\"gform_main_scripts_loaded\",()=>{gform.scriptsLoaded=!0,gform.callIfLoaded(o)}),document.addEventListener(\"gform\/theme\/scripts_loaded\",()=>{gform.themeScriptsLoaded=!0,gform.callIfLoaded(o)}),window.addEventListener(\"DOMContentLoaded\",()=>{gform.domLoaded=!0,gform.callIfLoaded(o)}))},hooks:{action:{},filter:{}},addAction:function(o,r,e,t){gform.addHook(\"action\",o,r,e,t)},addFilter:function(o,r,e,t){gform.addHook(\"filter\",o,r,e,t)},doAction:function(o){gform.doHook(\"action\",o,arguments)},applyFilters:function(o){return gform.doHook(\"filter\",o,arguments)},removeAction:function(o,r){gform.removeHook(\"action\",o,r)},removeFilter:function(o,r,e){gform.removeHook(\"filter\",o,r,e)},addHook:function(o,r,e,t,n){null==gform.hooks[o][r]&&(gform.hooks[o][r]=[]);var d=gform.hooks[o][r];null==n&&(n=r+\"_\"+d.length),gform.hooks[o][r].push({tag:n,callable:e,priority:t=null==t?10:t})},doHook:function(r,o,e){var t;if(e=Array.prototype.slice.call(e,1),null!=gform.hooks[r][o]&&((o=gform.hooks[r][o]).sort(function(o,r){return o.priority-r.priority}),o.forEach(function(o){\"function\"!=typeof(t=o.callable)&&(t=window[t]),\"action\"==r?t.apply(null,e):e[0]=t.apply(null,e)})),\"filter\"==r)return e[0]},removeHook:function(o,r,t,n){var e;null!=gform.hooks[o][r]&&(e=(e=gform.hooks[o][r]).filter(function(o,r,e){return!!(null!=n&&n!=o.tag||null!=t&&t!=o.priority)}),gform.hooks[o][r]=e)}});\n<\/script>\n\n                <div class='gf_browser_gecko gform_wrapper gform_legacy_markup_wrapper gform-theme--no-framework' data-form-theme='legacy' data-form-index='0' id='gform_wrapper_4' >\n                        <div class='gform_heading'>\n                            <h3 class=\"gform_title\">Des questions suppl\u00e9mentaires?<\/h3>\n                        <\/div><form method='post' enctype='multipart\/form-data' target='gform_ajax_frame_4' id='gform_4'  action='\/fr\/wp-json\/wp\/v2\/pages\/508' data-formid='4' novalidate>\n                        <div class='gform-body gform_body'><ul id='gform_fields_4' class='gform_fields top_label form_sublabel_below description_below validation_below'><li id=\"field_4_1\" class=\"gfield gfield--type-text gfield_contains_required field_sublabel_below gfield--no-description field_description_below field_validation_below gfield_visibility_visible\"  ><label class='gfield_label gform-field-label screen-reader-text' for='input_4_1'>Nom<span class=\"gfield_required\"><span class=\"gfield_required gfield_required_asterisk\">*<\/span><\/span><\/label><div class='ginput_container ginput_container_text'><input name='input_1' id='input_4_1' type='text' value='' class='medium'    placeholder='Nom' aria-required=\"true\" aria-invalid=\"false\"   \/><\/div><\/li><li id=\"field_4_3\" class=\"gfield gfield--type-email gfield_contains_required field_sublabel_below gfield--no-description field_description_below field_validation_below gfield_visibility_visible\"  ><label class='gfield_label gform-field-label screen-reader-text' for='input_4_3'>Email<span class=\"gfield_required\"><span class=\"gfield_required gfield_required_asterisk\">*<\/span><\/span><\/label><div class='ginput_container ginput_container_email'>\n                            <input name='input_3' id='input_4_3' type='email' value='' class='medium'   placeholder='Email' aria-required=\"true\" aria-invalid=\"false\"  \/>\n                        <\/div><\/li><li id=\"field_4_4\" class=\"gfield gfield--type-textarea field_sublabel_below gfield--no-description field_description_below field_validation_below gfield_visibility_visible\"  ><label class='gfield_label gform-field-label screen-reader-text' for='input_4_4'>Votre question<\/label><div class='ginput_container ginput_container_textarea'><textarea name='input_4' id='input_4_4' class='textarea medium'    placeholder='Votre question'  aria-invalid=\"false\"   rows='10' cols='50'><\/textarea><\/div><\/li><li id=\"field_4_6\" class=\"gfield gfield--type-checkbox gfield--type-choice field_sublabel_below gfield--no-description field_description_below field_validation_below gfield_visibility_visible\"  ><label class='gfield_label gform-field-label screen-reader-text gfield_label_before_complex' ><\/label><div class='ginput_container ginput_container_checkbox'><ul class='gfield_checkbox' id='input_4_6'><li class='gchoice gchoice_4_6_1'>\n\t\t\t\t\t\t\t\t<input class='gfield-choice-input' name='input_6.1' type='checkbox'  value='Je conviens que Serve-Pro utilise et stocke mes donn\u00e9es.'  id='choice_4_6_1'   \/>\n\t\t\t\t\t\t\t\t<label for='choice_4_6_1' id='label_4_6_1' class='gform-field-label gform-field-label--type-inline'>Je conviens que Serve-Pro utilise et stocke mes donn\u00e9es.<\/label>\n\t\t\t\t\t\t\t<\/li><\/ul><\/div><\/li><\/ul><\/div>\n        <div class='gform-footer gform_footer top_label'> <input type='submit' id='gform_submit_button_4' class='gform_button button' onclick='gform.submission.handleButtonClick(this);' data-submission-type='submit' value='Envoyer'  \/> <input type='hidden' name='gform_ajax' value='form_id=4&amp;title=1&amp;description=&amp;tabindex=0&amp;theme=legacy&amp;styles=[]&amp;hash=f564a6048a38a5bb58f85ecef58a4364' \/>\n            <input type='hidden' class='gform_hidden' name='gform_submission_method' data-js='gform_submission_method_4' value='iframe' \/>\n            <input type='hidden' class='gform_hidden' name='gform_theme' data-js='gform_theme_4' id='gform_theme_4' value='legacy' \/>\n            <input type='hidden' class='gform_hidden' name='gform_style_settings' data-js='gform_style_settings_4' id='gform_style_settings_4' value='[]' \/>\n            <input type='hidden' class='gform_hidden' name='is_submit_4' value='1' \/>\n            <input type='hidden' class='gform_hidden' name='gform_submit' value='4' \/>\n            \n            <input type='hidden' class='gform_hidden' name='gform_currency' data-currency='USD' value='ouHdoshW4dBRLEzKkdh3fvzG16EqNGQx7QyVL2FsPn1RmYmX63E0VD\/bwsNfP6JAMJkQ6\/OnyVQ66PntlckSp5YYx2j4t+H9FvcpVh71k0algl4=' \/>\n            <input type='hidden' class='gform_hidden' name='gform_unique_id' value='' \/>\n            <input type='hidden' class='gform_hidden' name='state_4' value='WyJbXSIsImIwMzY0YjhjM2RhOTA0YzkxNTRmNzY1YzJiMGZjNDJjIl0=' \/>\n            <input type='hidden' autocomplete='off' class='gform_hidden' name='gform_target_page_number_4' id='gform_target_page_number_4' value='0' \/>\n            <input type='hidden' autocomplete='off' class='gform_hidden' name='gform_source_page_number_4' id='gform_source_page_number_4' value='1' \/>\n            <input type='hidden' name='gform_field_values' value='' \/>\n            \n        <\/div>\n                        <\/form>\n                        <\/div>\n\t\t                <iframe style='display:none;width:0px;height:0px;' src='about:blank' name='gform_ajax_frame_4' id='gform_ajax_frame_4' title='Cette iframe contient la logique n\u00e9cessaire pour manipuler Gravity Forms avec Ajax.'><\/iframe>\n\t\t                <script>\ngform.initializeOnLoaded( function() {gformInitSpinner( 4, 'https:\/\/servepro.be\/wp-content\/plugins\/gravityforms\/images\/spinner.svg', true );jQuery('#gform_ajax_frame_4').on('load',function(){var contents = jQuery(this).contents().find('*').html();var is_postback = contents.indexOf('GF_AJAX_POSTBACK') >= 0;if(!is_postback){return;}var form_content = jQuery(this).contents().find('#gform_wrapper_4');var is_confirmation = jQuery(this).contents().find('#gform_confirmation_wrapper_4').length > 0;var is_redirect = contents.indexOf('gformRedirect(){') >= 0;var is_form = form_content.length > 0 && ! is_redirect && ! is_confirmation;var mt = parseInt(jQuery('html').css('margin-top'), 10) + parseInt(jQuery('body').css('margin-top'), 10) + 100;if(is_form){jQuery('#gform_wrapper_4').html(form_content.html());if(form_content.hasClass('gform_validation_error')){jQuery('#gform_wrapper_4').addClass('gform_validation_error');} else {jQuery('#gform_wrapper_4').removeClass('gform_validation_error');}setTimeout( function() { \/* delay the scroll by 50 milliseconds to fix a bug in chrome *\/  }, 50 );if(window['gformInitDatepicker']) {gformInitDatepicker();}if(window['gformInitPriceFields']) {gformInitPriceFields();}var current_page = jQuery('#gform_source_page_number_4').val();gformInitSpinner( 4, 'https:\/\/servepro.be\/wp-content\/plugins\/gravityforms\/images\/spinner.svg', true );jQuery(document).trigger('gform_page_loaded', [4, current_page]);window['gf_submitting_4'] = false;}else if(!is_redirect){var confirmation_content = jQuery(this).contents().find('.GF_AJAX_POSTBACK').html();if(!confirmation_content){confirmation_content = contents;}jQuery('#gform_wrapper_4').replaceWith(confirmation_content);jQuery(document).trigger('gform_confirmation_loaded', [4]);window['gf_submitting_4'] = false;wp.a11y.speak(jQuery('#gform_confirmation_message_4').text());}else{jQuery('#gform_4').append(contents);if(window['gformRedirect']) {gformRedirect();}}jQuery(document).trigger(\"gform_pre_post_render\", [{ formId: \"4\", currentPage: \"current_page\", abort: function() { this.preventDefault(); } }]);        if (event && event.defaultPrevented) {                return;        }        const gformWrapperDiv = document.getElementById( \"gform_wrapper_4\" );        if ( gformWrapperDiv ) {            const visibilitySpan = document.createElement( \"span\" );            visibilitySpan.id = \"gform_visibility_test_4\";            gformWrapperDiv.insertAdjacentElement( \"afterend\", visibilitySpan );        }        const visibilityTestDiv = document.getElementById( \"gform_visibility_test_4\" );        let postRenderFired = false;        function triggerPostRender() {            if ( postRenderFired ) {                return;            }            postRenderFired = true;            gform.core.triggerPostRenderEvents( 4, current_page );            if ( visibilityTestDiv ) {                visibilityTestDiv.parentNode.removeChild( visibilityTestDiv );            }        }        function debounce( func, wait, immediate ) {            var timeout;            return function() {                var context = this, args = arguments;                var later = function() {                    timeout = null;                    if ( !immediate ) func.apply( context, args );                };                var callNow = immediate && !timeout;                clearTimeout( timeout );                timeout = setTimeout( later, wait );                if ( callNow ) func.apply( context, args );            };        }        const debouncedTriggerPostRender = debounce( function() {            triggerPostRender();        }, 200 );        if ( visibilityTestDiv && visibilityTestDiv.offsetParent === null ) {            const observer = new MutationObserver( ( mutations ) => {                mutations.forEach( ( mutation ) => {                    if ( mutation.type === 'attributes' && visibilityTestDiv.offsetParent !== null ) {                        debouncedTriggerPostRender();                        observer.disconnect();                    }                });            });            observer.observe( document.body, {                attributes: true,                childList: false,                subtree: true,                attributeFilter: [ 'style', 'class' ],            });        } else {            triggerPostRender();        }    } );} );\n<\/script>\n<\/p>\n\t<\/div>\n<\/div>\t\t<\/div>\n\t<\/div>\n<\/div><\/div>\n\n\t<\/div>\n\t<\/section><section   class=\"fw-main-row-custom  fw_theme_bg_fw-custom fw-section-image fw-section-height-custom fw-content-vertical-align-middle fw-section-position-back tf-sh-bab9ffcb59bfd3ee8275f9765ab5dcde custom-section\"  style=\" background-image:url(\/\/servepro.be\/wp-content\/uploads\/2018\/11\/bgImagePages.jpg); background-repeat: no-repeat; background-position: right center; background-size: auto; height: 409px;\"  >\n\t\t\t<div class=\"fw-container\" >\n\t\t<div class=\"fw-row\">\n\t<div id=\"column-69fe033f7d13e\" class=\"fw-col-sm-12  fw-col-md-6 tf-sh-65ed2cf7f96d2537e4e036cee9a0d334 block-color-bg\" >\n\t<div class=\"fw-wrap-col-inner clearfix  \"   >\n\t\t\t\t<div class=\"fw-col-inner\">\n\t\t\t<div class=\"fw-heading fw-heading-left  tf-sh-bb6b562d164cb170d9402ff89803bac5\" >\n\t\t\t<h2 class=\"fw-special-title\">Demandez votre offre gratuite!<\/h2>\n\t\n\t\n\t<\/div><div class=\"fw-text-box tf-sh-0c4b3ec76e3dfbd493524423f0de51b7 \" >\n\t<div class=\"fw-text-inner\">\n\t\t<p>D\u00e9sirez-vous une offre gratuite ou plus d'informations? N'h\u00e9sitez pas \u00e0 nous contacter par le formulaire de contact.<\/p>\n\t<\/div>\n<\/div><div class=\"fw-divider-space  fw-custom-space  clearfix\" style=\"height:35px;\" ><\/div>\t<a href=\"\/gratis-offerte\/\" target=\"_self\" class=\"fw-btn tf-sh-9c9bce2ade5fc874fd1db6bdff1d3d1e    button-shadow fw-btn-side-by-side fw-btn-1\"  style=\"width:192px; height:40px; line-height:40px;\">\n\t\t<span style=\"top:0;\">\n\t\t\tVers demande d'offre\t\t<\/span>\n\t<\/a>\n\t\t<\/div>\n\t<\/div>\n<\/div><div id=\"column-69fe033f7d350\" class=\"fw-col-sm-6 tf-sh-f792e12af92acbcb6d724f37abb10b42 block-hidden\" >\n\t<div class=\"fw-wrap-col-inner clearfix  \"   >\n\t\t\t\t<div class=\"fw-col-inner\">\n\t\t\t\t\t<\/div>\n\t<\/div>\n<\/div><\/div>\n\n\t<\/div>\n\t<\/section><section   class=\"fw-main-row-custom  auto  fw-section-position-back tf-sh-9127ffe86ce362533758b07957fe2be5\"    >\n\t\t\t<div class=\"fw-container\" >\n\t\t<div class=\"fw-row\">\n\t<div id=\"column-69fe033f7d57e\" class=\"fw-col-sm-12  fw-col-md-6 tf-sh-19232915bf4931f948dea714826af0ed custom-block-bg\" >\n\t<div class=\"fw-wrap-col-inner clearfix   fw-column-height-custom\" style=\"height: 314px;\"  >\n\t\t\t\t<div class=\"fw-col-inner\">\n\t\t\t\t\t<\/div>\n\t<\/div>\n<\/div><div id=\"column-69fe033f7d601\" class=\"fw-col-sm-12  fw-col-md-6 tf-sh-61c607bd1381706d93ee788ae5fafd86 block-custom-margin\" >\n\t<div class=\"fw-wrap-col-inner clearfix  \"   >\n\t\t\t\t<div class=\"fw-col-inner\">\n\t\t\t<div class=\"fw-heading fw-heading-left  tf-sh-f584a806c9ea2098a1ca934f2a1a1275\" >\n\t\t\t<h2 class=\"fw-special-title\">Nous offrons<\/h2>\n\t\n\t\n\t<\/div><div class=\"fw-text-box tf-sh-b4036e003b7984df442d3d16b8e9b908 list-content-pages\" >\n\t<div class=\"fw-text-inner\">\n\t\t<ul>\n<li>Jardiniers avec une passion pour les plantes et les jardins faciles d'entretien<\/li>\n<li>Am\u00e9nagement et entretien p\u00e9riodique du jardin<\/li>\n<li>Tonte de la pelouse<\/li>\n<li>Taille de haies<\/li>\n<li>D\u00e9sherbage<\/li>\n<\/ul>\n\t<\/div>\n<\/div>\t\t<\/div>\n\t<\/div>\n<\/div><\/div>\n\n\t<\/div>\n\t<\/section><\/p>\n","protected":false},"excerpt":{"rendered":"<p>Votre partenaire dans le domaine du nettoyage Une exp\u00e9rience depuis plus de 30 ans dans le nettoyage fait de Serve-Pro votre partenaire absolu qui peut r\u00e9soudre tous vos probl\u00e8mes de nettoyage Offre gratuite Contact Home Entretien jardins Vous \u00eates propri\u00e9taire d&rsquo;un bien et vous \u00eates \u00e0 la recherche d&rsquo;un jardinier pour refaire ou entretenir le [&hellip;]<\/p>\n","protected":false},"author":1,"featured_media":0,"parent":504,"menu_order":0,"comment_status":"closed","ping_status":"closed","template":"visual-builder-template.php","meta":{"footnotes":""},"class_list":["post-508","page","type-page","status-publish","hentry"],"yoast_head":"<!-- This site is optimized with the Yoast SEO plugin v26.4 - https:\/\/yoast.com\/wordpress\/plugins\/seo\/ -->\n<title>Tuinen - Servepro<\/title>\n<meta name=\"description\" content=\"Zowel voor de schoonmaak van uw boetiek, kantoor, of school, evenals voor schoonmaak van ramen bent u bij ons aan het juiste adres.Met meer dan 30 jaar ervaring kunnen wij u zeker helpen!\" \/>\n<meta name=\"robots\" content=\"index, follow, max-snippet:-1, max-image-preview:large, max-video-preview:-1\" \/>\n<link rel=\"canonical\" href=\"https:\/\/servepro.be\/fr\/diensten\/onderhoud\/tuinen\/\" \/>\n<meta property=\"og:locale\" content=\"fr_FR\" \/>\n<meta property=\"og:type\" content=\"article\" \/>\n<meta property=\"og:title\" content=\"Tuinen - Servepro\" \/>\n<meta property=\"og:description\" content=\"Zowel voor de schoonmaak van uw boetiek, kantoor, of school, evenals voor schoonmaak van ramen bent u bij ons aan het juiste adres.Met meer dan 30 jaar ervaring kunnen wij u zeker helpen!\" \/>\n<meta property=\"og:url\" content=\"https:\/\/servepro.be\/fr\/diensten\/onderhoud\/tuinen\/\" \/>\n<meta property=\"og:site_name\" content=\"Servepro\" \/>\n<meta property=\"article:modified_time\" content=\"2019-03-26T05:58:59+00:00\" \/>\n<meta name=\"twitter:card\" content=\"summary_large_image\" \/>\n<meta name=\"twitter:label1\" content=\"Dur\u00e9e de lecture estim\u00e9e\" \/>\n\t<meta name=\"twitter:data1\" content=\"1 minute\" \/>\n<script type=\"application\/ld+json\" class=\"yoast-schema-graph\">{\"@context\":\"https:\/\/schema.org\",\"@graph\":[{\"@type\":\"WebPage\",\"@id\":\"https:\/\/servepro.be\/fr\/diensten\/onderhoud\/tuinen\/\",\"url\":\"https:\/\/servepro.be\/fr\/diensten\/onderhoud\/tuinen\/\",\"name\":\"Tuinen - Servepro\",\"isPartOf\":{\"@id\":\"https:\/\/servepro.be\/#website\"},\"datePublished\":\"2018-11-22T07:42:47+00:00\",\"dateModified\":\"2019-03-26T05:58:59+00:00\",\"description\":\"Zowel voor de schoonmaak van uw boetiek, kantoor, of school, evenals voor schoonmaak van ramen bent u bij ons aan het juiste adres.Met meer dan 30 jaar ervaring kunnen wij u zeker helpen!\",\"breadcrumb\":{\"@id\":\"https:\/\/servepro.be\/fr\/diensten\/onderhoud\/tuinen\/#breadcrumb\"},\"inLanguage\":\"fr-FR\",\"potentialAction\":[{\"@type\":\"ReadAction\",\"target\":[\"https:\/\/servepro.be\/fr\/diensten\/onderhoud\/tuinen\/\"]}]},{\"@type\":\"BreadcrumbList\",\"@id\":\"https:\/\/servepro.be\/fr\/diensten\/onderhoud\/tuinen\/#breadcrumb\",\"itemListElement\":[{\"@type\":\"ListItem\",\"position\":1,\"name\":\"Home\",\"item\":\"https:\/\/servepro.be\/fr\/\"},{\"@type\":\"ListItem\",\"position\":2,\"name\":\"Services\",\"item\":\"https:\/\/servepro.be\/fr\/diensten\/\"},{\"@type\":\"ListItem\",\"position\":3,\"name\":\"Onderhoud\",\"item\":\"https:\/\/servepro.be\/fr\/diensten\/onderhoud\/\"},{\"@type\":\"ListItem\",\"position\":4,\"name\":\"Tuinen\"}]},{\"@type\":\"WebSite\",\"@id\":\"https:\/\/servepro.be\/#website\",\"url\":\"https:\/\/servepro.be\/\",\"name\":\"Servepro\",\"description\":\"servepro\",\"potentialAction\":[{\"@type\":\"SearchAction\",\"target\":{\"@type\":\"EntryPoint\",\"urlTemplate\":\"https:\/\/servepro.be\/?s={search_term_string}\"},\"query-input\":{\"@type\":\"PropertyValueSpecification\",\"valueRequired\":true,\"valueName\":\"search_term_string\"}}],\"inLanguage\":\"fr-FR\"}]}<\/script>\n<!-- \/ Yoast SEO plugin. -->","yoast_head_json":{"title":"Tuinen - Servepro","description":"Zowel voor de schoonmaak van uw boetiek, kantoor, of school, evenals voor schoonmaak van ramen bent u bij ons aan het juiste adres.Met meer dan 30 jaar ervaring kunnen wij u zeker helpen!","robots":{"index":"index","follow":"follow","max-snippet":"max-snippet:-1","max-image-preview":"max-image-preview:large","max-video-preview":"max-video-preview:-1"},"canonical":"https:\/\/servepro.be\/fr\/diensten\/onderhoud\/tuinen\/","og_locale":"fr_FR","og_type":"article","og_title":"Tuinen - Servepro","og_description":"Zowel voor de schoonmaak van uw boetiek, kantoor, of school, evenals voor schoonmaak van ramen bent u bij ons aan het juiste adres.Met meer dan 30 jaar ervaring kunnen wij u zeker helpen!","og_url":"https:\/\/servepro.be\/fr\/diensten\/onderhoud\/tuinen\/","og_site_name":"Servepro","article_modified_time":"2019-03-26T05:58:59+00:00","twitter_card":"summary_large_image","twitter_misc":{"Dur\u00e9e de lecture estim\u00e9e":"1 minute"},"schema":{"@context":"https:\/\/schema.org","@graph":[{"@type":"WebPage","@id":"https:\/\/servepro.be\/fr\/diensten\/onderhoud\/tuinen\/","url":"https:\/\/servepro.be\/fr\/diensten\/onderhoud\/tuinen\/","name":"Tuinen - Servepro","isPartOf":{"@id":"https:\/\/servepro.be\/#website"},"datePublished":"2018-11-22T07:42:47+00:00","dateModified":"2019-03-26T05:58:59+00:00","description":"Zowel voor de schoonmaak van uw boetiek, kantoor, of school, evenals voor schoonmaak van ramen bent u bij ons aan het juiste adres.Met meer dan 30 jaar ervaring kunnen wij u zeker helpen!","breadcrumb":{"@id":"https:\/\/servepro.be\/fr\/diensten\/onderhoud\/tuinen\/#breadcrumb"},"inLanguage":"fr-FR","potentialAction":[{"@type":"ReadAction","target":["https:\/\/servepro.be\/fr\/diensten\/onderhoud\/tuinen\/"]}]},{"@type":"BreadcrumbList","@id":"https:\/\/servepro.be\/fr\/diensten\/onderhoud\/tuinen\/#breadcrumb","itemListElement":[{"@type":"ListItem","position":1,"name":"Home","item":"https:\/\/servepro.be\/fr\/"},{"@type":"ListItem","position":2,"name":"Services","item":"https:\/\/servepro.be\/fr\/diensten\/"},{"@type":"ListItem","position":3,"name":"Onderhoud","item":"https:\/\/servepro.be\/fr\/diensten\/onderhoud\/"},{"@type":"ListItem","position":4,"name":"Tuinen"}]},{"@type":"WebSite","@id":"https:\/\/servepro.be\/#website","url":"https:\/\/servepro.be\/","name":"Servepro","description":"servepro","potentialAction":[{"@type":"SearchAction","target":{"@type":"EntryPoint","urlTemplate":"https:\/\/servepro.be\/?s={search_term_string}"},"query-input":{"@type":"PropertyValueSpecification","valueRequired":true,"valueName":"search_term_string"}}],"inLanguage":"fr-FR"}]}},"_links":{"self":[{"href":"https:\/\/servepro.be\/fr\/wp-json\/wp\/v2\/pages\/508","targetHints":{"allow":["GET"]}}],"collection":[{"href":"https:\/\/servepro.be\/fr\/wp-json\/wp\/v2\/pages"}],"about":[{"href":"https:\/\/servepro.be\/fr\/wp-json\/wp\/v2\/types\/page"}],"author":[{"embeddable":true,"href":"https:\/\/servepro.be\/fr\/wp-json\/wp\/v2\/users\/1"}],"replies":[{"embeddable":true,"href":"https:\/\/servepro.be\/fr\/wp-json\/wp\/v2\/comments?post=508"}],"version-history":[{"count":5,"href":"https:\/\/servepro.be\/fr\/wp-json\/wp\/v2\/pages\/508\/revisions"}],"predecessor-version":[{"id":945,"href":"https:\/\/servepro.be\/fr\/wp-json\/wp\/v2\/pages\/508\/revisions\/945"}],"up":[{"embeddable":true,"href":"https:\/\/servepro.be\/fr\/wp-json\/wp\/v2\/pages\/504"}],"wp:attachment":[{"href":"https:\/\/servepro.be\/fr\/wp-json\/wp\/v2\/media?parent=508"}],"curies":[{"name":"wp","href":"https:\/\/api.w.org\/{rel}","templated":true}]}}